{"id":9159,"date":"2024-02-01T10:51:16","date_gmt":"2024-02-01T09:51:16","guid":{"rendered":"https:\/\/bulijegy.hu\/?post_type=product&#038;p=9159"},"modified":"2024-02-13T11:33:24","modified_gmt":"2024-02-13T10:33:24","slug":"kulturalis-kalandozasok-2024-tavaszi-felev","status":"publish","type":"product","link":"https:\/\/bulijegy.hu\/hu\/termek\/kulturalis-kalandozasok-2024-tavaszi-felev\/","title":{"rendered":"Kultur\u00e1lis Kalandoz\u00e1sok 2024 tavaszi f\u00e9l\u00e9v"},"content":{"rendered":"<p><b>Aktu\u00e1lis esem\u00e9ny:<\/b><b>\u00a0<\/b><\/p>\n<p><b>2024. febru\u00e1r 13. \u2013 Moh\u00e1csi Bus\u00f3j\u00e1r\u00e1s<\/b><\/p>\n<p>A program mag\u00e1ba foglalja a buszos utaz\u00e1st Moh\u00e1csra, valamint a f\u00e9l\u00e9v sor\u00e1n gy\u0171jthet\u0151 h\u0171t\u0151m\u00e1gnesek els\u0151 tagj\u00e1t. A Bus\u00f3j\u00e1r\u00e1s megtekint\u00e9se \u00f6n\u00e1ll\u00f3an t\u00f6rt\u00e9nik, el\u0151zetes aj\u00e1nl\u00e1st a programok tekintet\u00e9ben ny\u00fajtunk.<\/p>\n<p><b>Gy\u00fclekez\u0151: Tud\u00e1sk\u00f6zpont Parkol\u00f3 2024. febru\u00e1r 13-\u00e1n 12:15<\/b><\/p>\n<p>Visszaindul\u00e1s Moh\u00e1csr\u00f3l 18:30-t\u00f3l Gy\u00fclekez\u0151 a buszn\u00e1l.<\/p>\n<p>Megtekint\u00e9sre aj\u00e1nlott programok:<br \/>\n13:15 \u00c9rkez\u00e9s Moh\u00e1csra<br \/>\n14.00 Bus\u00f3csoportok gy\u00fclekez\u0151je a K\u00f3l\u00f3 t\u00e9ren<br \/>\n14.30 Bus\u00f3csoportok indul\u00e1sa a f\u0151utca \u00e9rint\u00e9s\u00e9vel a Sz\u00e9chenyi t\u00e9rre<br \/>\n16.00 Szabad farsangol\u00e1s a v\u00e1ros utc\u00e1in<br \/>\n16.00 \u201eBus\u00f3k\u00e9p\u201d \u00e9s \u201eSokacl\u00e1nyk\u00e9p\u201d a V\u00e1rosh\u00e1za l\u00e9pcs\u0151j\u00e9n<br \/>\n16.30 Zora T\u00e1ncegy\u00fcttes m\u0171sora \u00e9s t\u00e1nch\u00e1z Darazsacz Istv\u00e1nnal a Sz\u00e9chenyi t\u00e9ren, k\u00eds\u00e9r a Misija Tamburazenekar<br \/>\n17.30 M\u00e1glyagy\u00fajt\u00e1s, kopors\u00f3\u00e9get\u00e9s a Buso Club k\u00f6zrem\u0171k\u00f6d\u00e9s\u00e9vel a Sz\u00e9chenyi t\u00e9ren<br \/>\n17.30 T\u00e1nc a Bus\u00f3kkal a Sz\u00e9chenyi t\u00e9ren<\/p>\n<p>A r\u00e9szv\u00e9teli jegy biztos\u00edtja a fenti esem\u00e9nyen val\u00f3 r\u00e9szv\u00e9telt 1 f\u0151 sz\u00e1m\u00e1ra, valamint az esem\u00e9nyhez kapcsol\u00f3d\u00f3 eml\u00e9kt\u00e1rgy \u00e1tv\u00e9tel\u00e9t. \u00a0Felh\u00edvjuk a figyelmeteket, hogy a jegy vissza nem v\u00e1lthat\u00f3! A PTE jegy v\u00e1s\u00e1rl\u00e1sa eset\u00e9n a bel\u00e9p\u00e9sn\u00e9l PTE di\u00e1kigazolv\u00e1ny vagy m\u00e1s jogviszonyigazol\u00e1s felmutat\u00e1sa sz\u00fcks\u00e9ges.<\/p>\n<p>R\u00e9szv\u00e9teli d\u00edj PTE hallgat\u00f3k sz\u00e1m\u00e1ra febru\u00e1r 7-ig akci\u00f3s \u00e1ron 1500,- Ft, az akci\u00f3s id\u0151szakot k\u00f6vet\u0151en: 2000,- Ft<br \/>\nR\u00e9szv\u00e9teli d\u00edj nem PTE hallgat\u00f3k sz\u00e1m\u00e1ra korl\u00e1tozott sz\u00e1mban: 3500,- Ft.<\/p>\n<p><b>Kultur\u00e1lis Kalandoz\u00e1sok 2024 tavaszi f\u00e9l\u00e9v b\u00e9rlet<\/b><\/p>\n<p>A b\u00e9rlet tartalmazza:<br \/>\n2024. Febru\u00e1r 13. \u2013 Moh\u00e1csi Bus\u00f3j\u00e1r\u00e1s<br \/>\n2024. M\u00e1rcius 8. \u2013 Filmklub*<br \/>\n2024. M\u00e1rcius 19. \u2013 Borkostol\u00f3<br \/>\n2024. \u00c1prilis 23. \u2013 Szigetv\u00e1ri V\u00e1rl\u00e1togat\u00e1s<\/p>\n<p>A b\u00e9rlet biztos\u00edtja a fenti esem\u00e9nyeken val\u00f3 r\u00e9szv\u00e9telt 1 f\u0151 sz\u00e1m\u00e1ra, valamint az esem\u00e9nyekhez kapcsol\u00f3d\u00f3 eml\u00e9kt\u00e1rgy \u00e1tv\u00e9tel\u00e9t. \u00a0Felh\u00edvjuk a figyelmeteket, hogy a b\u00e9rlet vissza nem v\u00e1lthat\u00f3! A PTE b\u00e9rlet v\u00e1s\u00e1rl\u00e1sa eset\u00e9n a bel\u00e9p\u00e9sn\u00e9l PTE di\u00e1kigazolv\u00e1ny vagy m\u00e1s jogviszonyigazol\u00e1s felmutat\u00e1sa sz\u00fcks\u00e9ges.<\/p>\n<p>*Filmklub az idei Kultur\u00e1lis Kalandoz\u00e1sok ingyenes rendezv\u00e9nye. A b\u00e9rlettel rendelkez\u0151k sz\u00e1m\u00e1ra el\u0151zetes \u00fcl\u0151helyfoglal\u00e1st biztos\u00edtunk az ingyenes regisztr\u00e1ci\u00f3s id\u0151szakot megel\u0151z\u0151en!<\/p>\n","protected":false},"excerpt":{"rendered":"<p>Aktu\u00e1lis esem\u00e9ny:\u00a0 2024. febru\u00e1r 13. \u2013 Moh\u00e1csi Bus\u00f3j\u00e1r\u00e1s A program mag\u00e1ba foglalja a buszos utaz\u00e1st Moh\u00e1csra, valamint a f\u00e9l\u00e9v sor\u00e1n gy\u0171jthet\u0151 h\u0171t\u0151m\u00e1gnesek els\u0151 tagj\u00e1t. A Bus\u00f3j\u00e1r\u00e1s megtekint\u00e9se \u00f6n\u00e1ll\u00f3an t\u00f6rt\u00e9nik, el\u0151zetes aj\u00e1nl\u00e1st a programok tekintet\u00e9ben ny\u00fajtunk. Gy\u00fclekez\u0151: Tud\u00e1sk\u00f6zpont Parkol\u00f3 2024. febru\u00e1r 13-\u00e1n 12:15 Visszaindul\u00e1s Moh\u00e1csr\u00f3l 18:30-t\u00f3l Gy\u00fclekez\u0151 a buszn\u00e1l. Megtekint\u00e9sre aj\u00e1nlott programok: 13:15 \u00c9rkez\u00e9s Moh\u00e1csra 14.00&#8230;<\/p>\n","protected":false},"author":1,"featured_media":9162,"template":"","meta":{"_kad_blocks_custom_css":"","_kad_blocks_head_custom_js":"","_kad_blocks_body_custom_js":"","_kad_blocks_footer_custom_js":"","_kadence_starter_templates_imported_post":false,"_kad_post_transparent":"default","_kad_post_title":"","_kad_post_layout":"default","_kad_post_sidebar_id":"","_kad_post_content_style":"default","_kad_post_vertical_padding":"default","_kad_post_feature":"","_kad_post_feature_position":"","_kad_post_header":false,"_kad_post_footer":false},"product_brand":[],"product_cat":[32],"product_tag":[],"class_list":{"0":"post-9159","1":"product","2":"type-product","3":"status-publish","4":"has-post-thumbnail","6":"product_cat-rendezveny","8":"first","9":"outofstock","10":"taxable","11":"shipping-taxable","12":"product-type-variable","13":"entry","14":"content-bg","15":"loop-entry"},"taxonomy_info":{"product_cat":[{"value":32,"label":"Rendezv\u00e9ny"}]},"featured_image_src_large":["https:\/\/bulijegy.hu\/wp-content\/uploads\/2024\/02\/buso-01-1024x536.jpg",1024,536,true],"author_info":{"display_name":"vezerlo","author_link":"https:\/\/bulijegy.hu\/hu\/author\/vezerlo\/"},"comment_info":"","_links":{"self":[{"href":"https:\/\/bulijegy.hu\/hu\/wp-json\/wp\/v2\/product\/9159","targetHints":{"allow":["GET"]}}],"collection":[{"href":"https:\/\/bulijegy.hu\/hu\/wp-json\/wp\/v2\/product"}],"about":[{"href":"https:\/\/bulijegy.hu\/hu\/wp-json\/wp\/v2\/types\/product"}],"author":[{"embeddable":true,"href":"https:\/\/bulijegy.hu\/hu\/wp-json\/wp\/v2\/users\/1"}],"wp:featuredmedia":[{"embeddable":true,"href":"https:\/\/bulijegy.hu\/hu\/wp-json\/wp\/v2\/media\/9162"}],"wp:attachment":[{"href":"https:\/\/bulijegy.hu\/hu\/wp-json\/wp\/v2\/media?parent=9159"}],"wp:term":[{"taxonomy":"product_brand","embeddable":true,"href":"https:\/\/bulijegy.hu\/hu\/wp-json\/wp\/v2\/product_brand?post=9159"},{"taxonomy":"product_cat","embeddable":true,"href":"https:\/\/bulijegy.hu\/hu\/wp-json\/wp\/v2\/product_cat?post=9159"},{"taxonomy":"product_tag","embeddable":true,"href":"https:\/\/bulijegy.hu\/hu\/wp-json\/wp\/v2\/product_tag?post=9159"}],"curies":[{"name":"wp","href":"https:\/\/api.w.org\/{rel}","templated":true}]}}