{"id":9115,"date":"2024-01-22T17:08:43","date_gmt":"2024-01-22T16:08:43","guid":{"rendered":"https:\/\/bulijegy.hu\/?post_type=product&#038;p=9115"},"modified":"2024-02-14T15:22:38","modified_gmt":"2024-02-14T14:22:38","slug":"kolbasztolto-2024","status":"publish","type":"product","link":"https:\/\/bulijegy.hu\/hu\/termek\/kolbasztolto-2024\/","title":{"rendered":"PTE Valentin-napi Kolb\u00e1szt\u00f6lt\u0151 2024"},"content":{"rendered":"<div class=\"group w-full text-gray-800 dark:text-gray-100 border-b border-black\/10 dark:border-gray-900\/50 bg-gray-50 dark:bg-[#444654]\">\n<div class=\"text-base gap-4 md:gap-6 md:max-w-2xl lg:max-w-xl xl:max-w-3xl p-4 md:py-6 flex lg:px-0 m-auto\">\n<div class=\"relative flex w-[calc(100%-50px)] flex-col gap-1 md:gap-3 lg:w-[calc(100%-115px)]\">\n<div class=\"flex flex-grow flex-col gap-3\">\n<div class=\"min-h-[20px] flex flex-col items-start gap-4 whitespace-pre-wrap break-words\">\n<div class=\"markdown prose w-full break-words dark:prose-invert light\">\n<div class=\"x1tlxs6b x1g8br2z x1gn5b1j x230xth x14ctfv x1okitfd x6ikm8r x10wlt62 x1mzt3pk x1y1aw1k xn6708d xwib8y2 x1ye3gou x1n2onr6 x13faqbe x1vjfegm\" role=\"none\">\n<div class=\"x9f619 x1n2onr6 x1ja2u2z __fb-light-mode\" role=\"none\">\n<div class=\"x6prxxf x1fc57z9 x1yc453h x126k92a xzsf02u\" dir=\"auto\" role=\"none\">\n<h4>\ud83d\udccd Helysz\u00edn: PTE BTK-TTK Campus (P\u00e9cs, Ifj\u00fas\u00e1g \u00fatja 6.)<\/h4>\n<p style=\"text-align: center;\"><strong>Program<br \/>\n14.00 <\/strong>&#8211; Kapunyit\u00e1s<strong><br \/>\n17.00\u00a0<\/strong>&#8211; Kolb\u00e1szev\u0151 Verseny<br \/>\n<strong>19.00<\/strong> &#8211; Kolb\u00e1szt\u00f6lt\u0151: Zs\u0171riz\u00e9s \u00e9s eredm\u00e9nyhirdet\u00e9s<br \/>\n<strong>20.30 &#8211; D\u00f6ndi Du\u00f3 &amp; Roli<br \/>\n22.00 &#8211;\u00a0<\/strong>Szenes Retro Afterparty Gerg\u0151 Lacival<\/p>\n<p><span style=\"font-family: Arimo, sans-serif; font-size: 24px; font-weight: bold;\">\ud83c\udf9f\ufe0f Jegy\u00e1rak:<\/span><\/p>\n<div class=\"x11i5rnm xat24cr x1mh8g0r x1vvkbs xtlvy1s\">PTE el\u0151v\u00e9teles jegy online: 2000.- Ft<br \/>\nEl\u0151v\u00e9teles jegy nem PTE hallgat\u00f3k sz\u00e1m\u00e1ra: 2500.- Ft.<\/div>\n<div class=\"x11i5rnm xat24cr x1mh8g0r x1vvkbs xtlvy1s\">Helysz\u00ednen PTE hallgat\u00f3k sz\u00e1m\u00e1ra: 2500.- Ft.<br \/>\nHelysz\u00ednen nem PTE hallgat\u00f3k sz\u00e1m\u00e1ra: 3000.- Ft.<\/div>\n<div><\/div>\n<div><strong style=\"font-family: var(--global-body-font-family);\">El\u0151v\u00e9teles v\u00e1s\u00e1rl\u00e1sra kiz\u00e1r\u00f3lag online, kapunyit\u00e1sig van lehet\u0151s\u00e9g! <\/strong><span style=\"font-family: var(--global-body-font-family);\">A rendezv\u00e9ny helysz\u00ednen jegyv\u00e1s\u00e1rl\u00e1sra bankk\u00e1rty\u00e1val \u00e9s k\u00e9szp\u00e9nzzel egyar\u00e1nt lehet\u0151s\u00e9get biztos\u00edtunk.<\/span><\/div>\n<div><\/div>\n<div><strong>FONTOS!<\/strong> A rendezv\u00e9ny kezdet\u00e9n, a helysz\u00ednen kapj\u00e1tok k\u00e9zhez a karszalagot, amit a ki-, \u00e9s bel\u00e9p\u00e9skor ellen\u0151rizni fogunk. Amennyiben PTE-s jegyet v\u00e1s\u00e1rolsz, a bel\u00e9ptet\u00e9skor \u00e9rv\u00e9nyes di\u00e1kigazolv\u00e1nyt sz\u00fcks\u00e9ges felmutatnod! A 18. \u00e9let\u00e9v\u00fcket be nem t\u00f6lt\u00f6ttek alkoholtartalm\u00fa italokat nem v\u00e1s\u00e1rolhatnak, \u00e9s nem fogyaszthatnak a rendezv\u00e9nyen. \u00a0A 14. \u00e9let\u00e9v\u00fcket be nem t\u00f6lt\u00f6tt gyerekek csak \u00e9rv\u00e9nyes jeggyel rendelkez\u0151 feln\u0151tt k\u00eds\u00e9ret\u00e9ben vehetnek r\u00e9szt a programon. A 7. \u00e9let\u00e9v\u00fcket be nem t\u00f6lt\u00f6tt gyermekek sz\u00e1m\u00e1ra \u00e9rv\u00e9nyes jeggyel rendelkez\u0151 feln\u0151tt csal\u00e1dtag k\u00eds\u00e9ret\u00e9ben a rendezv\u00e9ny ingyenesen l\u00e1togathat\u00f3. <span style=\"font-family: var(--global-body-font-family);\">A programv\u00e1ltoz\u00e1s jog\u00e1t a szervez\u0151k fenntartj\u00e1k!<\/span><\/div>\n<div><\/div>\n<p style=\"text-align: right;\">\ud83c\udfa8 Grafika: Nagy Vivien <a href=\"https:\/\/www.instagram.com\/vivcsodesign\/\" target=\"_blank\" rel=\"noopener\">@vivcsodesign<\/a><\/p>\n<\/div>\n<\/div>\n<\/div>\n<\/div>\n<\/div>\n<\/div>\n<\/div>\n<\/div>\n<\/div>\n","protected":false},"excerpt":{"rendered":"<p>\ud83d\udccd Helysz\u00edn: PTE BTK-TTK Campus (P\u00e9cs, Ifj\u00fas\u00e1g \u00fatja 6.) Program 14.00 &#8211; Kapunyit\u00e1s 17.00\u00a0&#8211; Kolb\u00e1szev\u0151 Verseny 19.00 &#8211; Kolb\u00e1szt\u00f6lt\u0151: Zs\u0171riz\u00e9s \u00e9s eredm\u00e9nyhirdet\u00e9s 20.30 &#8211; D\u00f6ndi Du\u00f3 &amp; Roli 22.00 &#8211;\u00a0Szenes Retro Afterparty Gerg\u0151 Lacival \ud83c\udf9f\ufe0f Jegy\u00e1rak: PTE el\u0151v\u00e9teles jegy online: 2000.- Ft El\u0151v\u00e9teles jegy nem PTE hallgat\u00f3k sz\u00e1m\u00e1ra: 2500.- Ft. Helysz\u00ednen PTE hallgat\u00f3k sz\u00e1m\u00e1ra: 2500.-&#8230;<\/p>\n","protected":false},"author":1,"featured_media":9123,"template":"","meta":{"_kad_blocks_custom_css":"","_kad_blocks_head_custom_js":"","_kad_blocks_body_custom_js":"","_kad_blocks_footer_custom_js":"","_kadence_starter_templates_imported_post":false,"_kad_post_transparent":"default","_kad_post_title":"","_kad_post_layout":"default","_kad_post_sidebar_id":"","_kad_post_content_style":"default","_kad_post_vertical_padding":"default","_kad_post_feature":"","_kad_post_feature_position":"","_kad_post_header":false,"_kad_post_footer":false},"product_brand":[],"product_cat":[32],"product_tag":[],"class_list":{"0":"post-9115","1":"product","2":"type-product","3":"status-publish","4":"has-post-thumbnail","6":"product_cat-rendezveny","8":"first","9":"outofstock","10":"taxable","11":"shipping-taxable","12":"product-type-variable","13":"entry","14":"content-bg","15":"loop-entry"},"taxonomy_info":{"product_cat":[{"value":32,"label":"Rendezv\u00e9ny"}]},"featured_image_src_large":["https:\/\/bulijegy.hu\/wp-content\/uploads\/2024\/01\/IMG_0607-1024x536.jpg",1024,536,true],"author_info":{"display_name":"vezerlo","author_link":"https:\/\/bulijegy.hu\/hu\/author\/vezerlo\/"},"comment_info":"","_links":{"self":[{"href":"https:\/\/bulijegy.hu\/hu\/wp-json\/wp\/v2\/product\/9115","targetHints":{"allow":["GET"]}}],"collection":[{"href":"https:\/\/bulijegy.hu\/hu\/wp-json\/wp\/v2\/product"}],"about":[{"href":"https:\/\/bulijegy.hu\/hu\/wp-json\/wp\/v2\/types\/product"}],"author":[{"embeddable":true,"href":"https:\/\/bulijegy.hu\/hu\/wp-json\/wp\/v2\/users\/1"}],"wp:featuredmedia":[{"embeddable":true,"href":"https:\/\/bulijegy.hu\/hu\/wp-json\/wp\/v2\/media\/9123"}],"wp:attachment":[{"href":"https:\/\/bulijegy.hu\/hu\/wp-json\/wp\/v2\/media?parent=9115"}],"wp:term":[{"taxonomy":"product_brand","embeddable":true,"href":"https:\/\/bulijegy.hu\/hu\/wp-json\/wp\/v2\/product_brand?post=9115"},{"taxonomy":"product_cat","embeddable":true,"href":"https:\/\/bulijegy.hu\/hu\/wp-json\/wp\/v2\/product_cat?post=9115"},{"taxonomy":"product_tag","embeddable":true,"href":"https:\/\/bulijegy.hu\/hu\/wp-json\/wp\/v2\/product_tag?post=9115"}],"curies":[{"name":"wp","href":"https:\/\/api.w.org\/{rel}","templated":true}]}}