{"id":23252,"date":"2024-11-19T16:11:38","date_gmt":"2024-11-19T15:11:38","guid":{"rendered":"https:\/\/bulijegy.hu\/?post_type=product&#038;p=23252"},"modified":"2024-12-01T00:28:04","modified_gmt":"2024-11-30T23:28:04","slug":"kulturalis-kalandozasok-zagrabi-advent","status":"publish","type":"product","link":"https:\/\/bulijegy.hu\/hu\/termek\/kulturalis-kalandozasok-zagrabi-advent\/","title":{"rendered":"Kultur\u00e1lis Kalandoz\u00e1sok &#8211; Z\u00e1gr\u00e1bi Advent"},"content":{"rendered":"<p><span style=\"text-decoration: underline;\"><strong>Utaz\u00e1s \u00e9s r\u00e9szletek:<\/strong><\/span><br \/>\n<strong>Indul\u00e1s P\u00e9csr\u0151l:<\/strong> 2024. december 14-\u00e9n reggel 5:45 gy\u00fclekez\u0151 a P\u00e9csi Vas\u00fat\u00e1llom\u00e1son, majd indul\u00e1s a Z\u00e1gr\u00e1b Advent Expresszel<br \/>\n<strong>\u00c9rkez\u00e9s Z\u00e1gr\u00e1bba:<\/strong> v\u00e1rhat\u00f3an 11:25-kor, \u00edgy pont id\u0151ben \u00e9rkez\u00fcnk, hogy belemer\u00fclj\u00fcnk az adventi forgatagba.<br \/>\n<strong>Visszaindul\u00e1s:<\/strong> 17:00 \u00f3rakor gy\u00fclekez\u0151 a Z\u00e1gr\u00e1bi F\u0151p\u00e1lyaudvaron, majd 17:18-kor a vonat indul\u00e1sa vissza P\u00e9csre. V\u00e1rhat\u00f3 haza\u00e9rkez\u00e9s 23 \u00f3ra k\u00f6r\u00fcl.<\/p>\n<p><span style=\"text-decoration: underline;\"><strong>Mi v\u00e1r r\u00e1d Z\u00e1gr\u00e1bban?<\/strong><\/span><br \/>\n<strong>Adventi V\u00e1s\u00e1r \u00e9s kar\u00e1csonyi d\u00edszkivil\u00e1g\u00edt\u00e1s<\/strong> \u2013 A v\u00e1s\u00e1r a v\u00e1ros f\u0151ter\u00e9n, a Jela\u010di\u0107 t\u00e9ren kezd\u0151dik, \u00e9s az utc\u00e1kon v\u00e9gigs\u00e9t\u00e1lva el\u00e9nk t\u00e1rulnak a helyi k\u00e9zm\u0171ves term\u00e9kek, \u00ednycsikland\u00f3 \u00e9telek \u00e9s forr\u00f3 italok. A v\u00e1s\u00e1r pomp\u00e1s d\u00edszkivil\u00e1g\u00edt\u00e1sa \u00e9s \u00fcnnepi hangulata garant\u00e1ltan mag\u00e1val ragad!<br \/>\n<strong>Korcsolyap\u00e1lya a Tomislav t\u00e9ren<\/strong> \u2013 T\u00f6lts egy kis id\u0151t korcsoly\u00e1z\u00e1ssal Eur\u00f3pa egyik legszebb k\u00fclt\u00e9ri j\u00e9gp\u00e1ly\u00e1j\u00e1n! A zen\u00e9vel k\u00eds\u00e9rt korcsoly\u00e1z\u00e1s \u00e9lm\u00e9nye k\u00fcl\u00f6n\u00f6sen \u00fcnnep\u00e9lyes hangulatot teremt.<br \/>\n<strong>Gornji Grad (Fels\u0151v\u00e1ros) \u00e9s Z\u00e1gr\u00e1bi Katedr\u00e1lis<\/strong> \u2013 V\u00e1rosn\u00e9z\u00e9s k\u00f6zben fedezd fel a Fels\u0151v\u00e1ros romantikus, sz\u0171k utc\u00e1it, l\u00e1togass el a gy\u00f6ny\u00f6r\u0171 Z\u00e1gr\u00e1bi Katedr\u00e1lishoz, \u00e9s mer\u00fclj el a helyi kult\u00far\u00e1ban.<br \/>\n<em>Tov\u00e1bbi programlehet\u0151s\u00e9gek <a href=\"https:\/\/www.adventzagreb.hr\/en\">https:\/\/www.adventzagreb.hr\/en<\/a> valamint a vonaton kiosztott kiadv\u00e1nyban.<\/em><\/p>\n<p><span style=\"text-decoration: underline;\"><strong>R\u00e9szv\u00e9teli d\u00edj:<\/strong><\/span><br \/>\n<strong>PTE hallgat\u00f3knak novemberben kedvezm\u00e9nyesen 7500 Ft<\/strong>, december elej\u00e9t\u0151l pedig 8500 Ft.<br \/>\n<strong>Nem PTE hallgat\u00f3k csak PTE hallgat\u00f3val egy\u00fctt utazhatnak p\u00e1ros jegy v\u00e1s\u00e1rl\u00e1s\u00e1val.<\/strong> Ez a p\u00e1ros jegy 22.500 Ft-ba ker\u00fcl, \u00e9s k\u00e9t f\u0151 utaz\u00e1s\u00e1t tartalmazza.<\/p>\n<p><em>A r\u00e9szv\u00e9teli d\u00edj tartalmazza a vonatjegyet oda-vissza, egy aj\u00e1nd\u00e9kcsomagot, valamint egy praktikus inform\u00e1ci\u00f3s kiadv\u00e1nyt, amelyben hasznos tippeket tal\u00e1lsz a v\u00e1rosn\u00e9z\u00e9shez \u00e9s a v\u00e1s\u00e1rhoz.<\/em><\/p>\n","protected":false},"excerpt":{"rendered":"<h1 style=\"text-align: center;\"><span style=\"color: #ff0000;\">TELTH\u00c1Z!<\/span><\/h1>\n<p><strong>A P\u00e9csi Tudom\u00e1nyegyetem Egyetemi Hallgat\u00f3i \u00d6nkorm\u00e1nyzata id\u00e9n decemberben k\u00fcl\u00f6nleges kir\u00e1ndul\u00e1st szervez a horv\u00e1t f\u0151v\u00e1rosba, hogy egy\u00fctt \u00e9lvezhess\u00fck a v\u00e1ros var\u00e1zslatos kar\u00e1csonyi hangulat\u00e1t.<\/strong><\/p>\n<p>A v\u00e1ros m\u00e9lt\u00e1n h\u00edres kar\u00e1csonyi v\u00e1s\u00e1ra m\u00e1r \u00e9vek \u00f3ta a vil\u00e1g minden t\u00e1j\u00e1r\u00f3l cs\u00e1b\u00edtja az \u00fcnnepi hangulatra v\u00e1gy\u00f3kat, hiszen 2016 \u00e9s 2018 k\u00f6z\u00f6tt h\u00e1romszor is ki\u00e9rdemelte az \u201eEur\u00f3pa legjobb adventi v\u00e1s\u00e1ra\u201d c\u00edmet. Az adventi id\u0151szakban Z\u00e1gr\u00e1b utc\u00e1i \u00e9s terei igazi mesebeli helysz\u00ednekk\u00e9 alakulnak, ahol minden sarkon var\u00e1zslatos d\u00edszkivil\u00e1g\u00edt\u00e1s, \u00ednycsikland\u00f3 forr\u00f3 italok \u00e9s helyi k\u00fcl\u00f6nlegess\u00e9gek v\u00e1rj\u00e1k a l\u00e1togat\u00f3kat.<\/p>\n","protected":false},"author":1,"featured_media":23256,"template":"","meta":{"_kad_blocks_custom_css":"","_kad_blocks_head_custom_js":"","_kad_blocks_body_custom_js":"","_kad_blocks_footer_custom_js":"","_kadence_starter_templates_imported_post":false,"_kad_post_transparent":"default","_kad_post_title":"","_kad_post_layout":"default","_kad_post_sidebar_id":"","_kad_post_content_style":"default","_kad_post_vertical_padding":"default","_kad_post_feature":"","_kad_post_feature_position":"","_kad_post_header":false,"_kad_post_footer":false},"product_brand":[],"product_cat":[32],"product_tag":[],"class_list":{"0":"post-23252","1":"product","2":"type-product","3":"status-publish","4":"has-post-thumbnail","6":"product_cat-rendezveny","8":"first","9":"outofstock","10":"taxable","11":"shipping-taxable","12":"product-type-variable","13":"entry","14":"content-bg","15":"loop-entry"},"taxonomy_info":{"product_cat":[{"value":32,"label":"Rendezv\u00e9ny"}]},"featured_image_src_large":["https:\/\/bulijegy.hu\/wp-content\/uploads\/2024\/11\/zagrabi.png",600,600,false],"author_info":{"display_name":"vezerlo","author_link":"https:\/\/bulijegy.hu\/hu\/author\/vezerlo\/"},"comment_info":"","_links":{"self":[{"href":"https:\/\/bulijegy.hu\/hu\/wp-json\/wp\/v2\/product\/23252","targetHints":{"allow":["GET"]}}],"collection":[{"href":"https:\/\/bulijegy.hu\/hu\/wp-json\/wp\/v2\/product"}],"about":[{"href":"https:\/\/bulijegy.hu\/hu\/wp-json\/wp\/v2\/types\/product"}],"author":[{"embeddable":true,"href":"https:\/\/bulijegy.hu\/hu\/wp-json\/wp\/v2\/users\/1"}],"wp:featuredmedia":[{"embeddable":true,"href":"https:\/\/bulijegy.hu\/hu\/wp-json\/wp\/v2\/media\/23256"}],"wp:attachment":[{"href":"https:\/\/bulijegy.hu\/hu\/wp-json\/wp\/v2\/media?parent=23252"}],"wp:term":[{"taxonomy":"product_brand","embeddable":true,"href":"https:\/\/bulijegy.hu\/hu\/wp-json\/wp\/v2\/product_brand?post=23252"},{"taxonomy":"product_cat","embeddable":true,"href":"https:\/\/bulijegy.hu\/hu\/wp-json\/wp\/v2\/product_cat?post=23252"},{"taxonomy":"product_tag","embeddable":true,"href":"https:\/\/bulijegy.hu\/hu\/wp-json\/wp\/v2\/product_tag?post=23252"}],"curies":[{"name":"wp","href":"https:\/\/api.w.org\/{rel}","templated":true}]}}