{"id":14349,"date":"2024-07-28T21:14:09","date_gmt":"2024-07-28T19:14:09","guid":{"rendered":"https:\/\/bulijegy.hu\/?post_type=product&#038;p=14349"},"modified":"2024-09-11T21:06:12","modified_gmt":"2024-09-11T19:06:12","slug":"pte-welcome-fest-2024","status":"publish","type":"product","link":"https:\/\/bulijegy.hu\/hu\/termek\/pte-welcome-fest-2024\/","title":{"rendered":"PTE WELCOME FEST 2024"},"content":{"rendered":"<p style=\"text-align: center;\"><em><span style=\"color: #ff0000;\"><strong>Fantasztikusak vagytok! \u2728\u2728<\/strong><\/span><br \/>\nAz \u00f6sszes el\u0151v\u00e9teles jegy\u00fcnk elfogyott a rendezv\u00e9nyre!<\/em><\/p>\n<p><em> Tekintettel a nagy \u00e9rdekl\u0151d\u00e9sre, a helysz\u00ednen kedvezm\u00e9nyes koncertjegyeket is \u00e9rt\u00e9kes\u00edt\u00fcnk, melyekkel a k\u00fclt\u00e9ri produkci\u00f3k tekinthet\u0151ek meg. A koncertjegyeket kiz\u00e1r\u00f3lag a helysz\u00ednen, k\u00e9szp\u00e9nzes \u00e9s k\u00e1rty\u00e1s fizet\u00e9s mellett lehet megv\u00e1s\u00e1rolni. <\/em><\/p>\n<p><em>A koncertjegy v\u00e9tel\u00e1ra brutt\u00f3 6000,- Ft, mely PTE hallgat\u00f3k sz\u00e1m\u00e1ra kedvezm\u00e9nyesen 5000,- Ft beszerezhet\u0151ek.<\/em><\/p>\n<hr \/>\n<h3 style=\"text-align: center;\">4 zenekar \/\/ 6 DJ \/\/ 2 napon kereszt\u00fcl<span class=\"Apple-converted-space\">\u00a0<\/span><\/h3>\n<table>\n<tbody>\n<tr>\n<td>\n<p style=\"text-align: center;\"><strong>Szeptember 11. (szerda)\u00a0<\/strong><br \/>\n<strong>1367 Sz\u00ednpad\u00a0<\/strong>\/\/ Manuel \/\/ Desh<br \/>\n<strong>Klub1367\u00a0<\/strong>\/\/ Kau \/\/ JOERJUNIOR \/\/ VIRUSSIPI<\/p>\n<p><img loading=\"lazy\" decoding=\"async\" class=\"size-medium wp-image-16189 aligncenter lazyload\" src=\"data:image\/gif;base64,R0lGODlhAQABAAAAACH5BAEKAAEALAAAAAABAAEAAAICTAEAOw==\" alt=\"\" width=\"300\" height=\"300\" sizes=\"auto, (max-width: 300px) 100vw, 300px\" data-src=\"https:\/\/bulijegy.hu\/wp-content\/uploads\/2024\/07\/IMG_2046-300x300.jpg\" data-srcset=\"https:\/\/bulijegy.hu\/wp-content\/uploads\/2024\/07\/IMG_2046-300x300.jpg 300w, https:\/\/bulijegy.hu\/wp-content\/uploads\/2024\/07\/IMG_2046-1024x1024.jpg 1024w, https:\/\/bulijegy.hu\/wp-content\/uploads\/2024\/07\/IMG_2046-150x150.jpg 150w, https:\/\/bulijegy.hu\/wp-content\/uploads\/2024\/07\/IMG_2046-768x768.jpg 768w, https:\/\/bulijegy.hu\/wp-content\/uploads\/2024\/07\/IMG_2046-1536x1536.jpg 1536w, https:\/\/bulijegy.hu\/wp-content\/uploads\/2024\/07\/IMG_2046-12x12.jpg 12w, https:\/\/bulijegy.hu\/wp-content\/uploads\/2024\/07\/IMG_2046-800x800.jpg 800w, https:\/\/bulijegy.hu\/wp-content\/uploads\/2024\/07\/IMG_2046-700x700.jpg 700w, https:\/\/bulijegy.hu\/wp-content\/uploads\/2024\/07\/IMG_2046-100x100.jpg 100w, https:\/\/bulijegy.hu\/wp-content\/uploads\/2024\/07\/IMG_2046.jpg 2048w\"><\/td>\n<td>\n<p style=\"text-align: center;\"><strong>Szeptember 12. (cs\u00fct\u00f6rt\u00f6k)\u00a0<\/strong><br \/>\n<strong>1367 Sz\u00ednpad\u00a0<\/strong>\/\/ Filo Live \/\/ Dzsudl\u00f3<br \/>\n<strong>Klub1367\u00a0<\/strong>\/\/ Yamina \/\/ Spanics \/\/ PULLMAXX<\/p>\n<p><img loading=\"lazy\" decoding=\"async\" class=\"size-medium wp-image-16188 aligncenter lazyload\" src=\"data:image\/gif;base64,R0lGODlhAQABAAAAACH5BAEKAAEALAAAAAABAAEAAAICTAEAOw==\" alt=\"\" width=\"300\" height=\"300\" sizes=\"auto, (max-width: 300px) 100vw, 300px\" data-src=\"https:\/\/bulijegy.hu\/wp-content\/uploads\/2024\/07\/IMG_2048-300x300.jpg\" data-srcset=\"https:\/\/bulijegy.hu\/wp-content\/uploads\/2024\/07\/IMG_2048-300x300.jpg 300w, https:\/\/bulijegy.hu\/wp-content\/uploads\/2024\/07\/IMG_2048-1024x1024.jpg 1024w, https:\/\/bulijegy.hu\/wp-content\/uploads\/2024\/07\/IMG_2048-150x150.jpg 150w, https:\/\/bulijegy.hu\/wp-content\/uploads\/2024\/07\/IMG_2048-768x768.jpg 768w, https:\/\/bulijegy.hu\/wp-content\/uploads\/2024\/07\/IMG_2048-1536x1536.jpg 1536w, https:\/\/bulijegy.hu\/wp-content\/uploads\/2024\/07\/IMG_2048-12x12.jpg 12w, https:\/\/bulijegy.hu\/wp-content\/uploads\/2024\/07\/IMG_2048-800x800.jpg 800w, https:\/\/bulijegy.hu\/wp-content\/uploads\/2024\/07\/IMG_2048-700x700.jpg 700w, https:\/\/bulijegy.hu\/wp-content\/uploads\/2024\/07\/IMG_2048-100x100.jpg 100w, https:\/\/bulijegy.hu\/wp-content\/uploads\/2024\/07\/IMG_2048.jpg 2048w\"><\/td>\n<\/tr>\n<\/tbody>\n<\/table>\n<p style=\"text-align: center;\"><strong>\ud83c\udf9f\ufe0f <span style=\"text-decoration: underline;\">B\u00e9rletek<\/span> \ud83c\udf9f\ufe0f<br \/>\nEarly Bird\u00a0<\/strong>\/\/ Limit\u00e1lt sz\u00e1mban, legfeljebb augusztus 5-ig<br \/>\n<strong>Online el\u0151v\u00e9telben: 7990,- Ft<br \/>\nPTE hallgat\u00f3knak kedvezm\u00e9nyesen: 6990,- Ft<br \/>\n<\/strong><br \/>\n<strong>B\u00e9rlet \u00a0<\/strong>\/\/ Augusztus 20-ig<br \/>\n<strong>Online el\u0151v\u00e9telben: 8990,- Ft<br \/>\nPTE hallgat\u00f3knak kedvezm\u00e9nyesen: 7990,- Ft<\/strong><strong><br \/>\n<\/strong><\/p>\n<p style=\"text-align: center;\"><strong>B\u00e9rlet \u00a0<\/strong>\/\/ Augusztus 20-t\u00f3l<br \/>\n<strong>Online el\u0151v\u00e9telben: 9990,- Ft<br \/>\nPTE hallgat\u00f3knak kedvezm\u00e9nyesen: 8990,- Ft<\/strong><\/p>\n<p style=\"text-align: center;\">Pssz! Ha g\u00f3lya vagy, \u00e9s lecs\u00faszt\u00e1l az Early Bird jegyekr\u0151l, tal\u00e1lsz kuponk\u00f3dot az 1367 Magazinban!<\/p>\n<p style=\"text-align: center;\"><strong>\ud83c\udf9f\ufe0f <span style=\"text-decoration: underline;\">Napijegyek<\/span>\ud83c\udf9f\ufe0f<br \/>\n<\/strong><strong>Online el\u0151v\u00e9telben: 5990,- Ft<br \/>\nPTE hallgat\u00f3knak kedvezm\u00e9nyesen: 4990,- Ft<\/strong><\/p>\n<p style=\"text-align: center;\"><strong>\ud83c\udf9f\ufe0f <span style=\"text-decoration: underline;\">Helysz\u00edni jegyek<\/span>\ud83c\udf9f\ufe0f<br \/>\nHelysz\u00edni napijegy : 8000,- Ft<br \/>\nPTE hallgat\u00f3knak kedvezm\u00e9nyesen: 7000,- Ft<br \/>\nBulijegy 23:00 \u00f3r\u00e1t\u00f3l: 2000,- Ft<\/strong><\/p>\n<p><em>Az el\u0151v\u00e9teles jegyek korl\u00e1tozott sz\u00e1mban \u00e1llnak rendelkez\u00e9sre. Tekintettel a nagy \u00e9rdekl\u0151d\u00e9sre, a helysz\u00ednen kedvezm\u00e9nyes koncertjegyeket is \u00e9rt\u00e9kes\u00edt\u00fcnk, melyekkel a k\u00fclt\u00e9ri produkci\u00f3k tekinthet\u0151ek meg. A koncertjegyeket kiz\u00e1r\u00f3lag a helysz\u00ednen, k\u00e9szp\u00e9nzes \u00e9s k\u00e1rty\u00e1s fizet\u00e9s mellett lehet megv\u00e1s\u00e1rolni. A koncertjegy v\u00e9tel\u00e1ra brutt\u00f3 6000,- Ft, mely PTE hallgat\u00f3k sz\u00e1m\u00e1ra kedvezm\u00e9nyesen 5000,- Ft beszerezhet\u0151ek.<\/em><\/p>\n<p><img loading=\"lazy\" decoding=\"async\" class=\"aligncenter wp-image-14354 size-large lazyload\" src=\"data:image\/gif;base64,R0lGODlhAQABAAAAACH5BAEKAAEALAAAAAABAAEAAAICTAEAOw==\" alt=\"\" width=\"1024\" height=\"724\" sizes=\"auto, (max-width: 1024px) 100vw, 1024px\" data-src=\"https:\/\/bulijegy.hu\/wp-content\/uploads\/2024\/07\/IMG_1514-1024x724.jpg\" data-srcset=\"https:\/\/bulijegy.hu\/wp-content\/uploads\/2024\/07\/IMG_1514-1024x724.jpg 1024w, https:\/\/bulijegy.hu\/wp-content\/uploads\/2024\/07\/IMG_1514-300x212.jpg 300w, https:\/\/bulijegy.hu\/wp-content\/uploads\/2024\/07\/IMG_1514-768x543.jpg 768w, https:\/\/bulijegy.hu\/wp-content\/uploads\/2024\/07\/IMG_1514-1536x1086.jpg 1536w, https:\/\/bulijegy.hu\/wp-content\/uploads\/2024\/07\/IMG_1514-2048x1448.jpg 2048w, https:\/\/bulijegy.hu\/wp-content\/uploads\/2024\/07\/IMG_1514-18x12.jpg 18w, https:\/\/bulijegy.hu\/wp-content\/uploads\/2024\/07\/IMG_1514-700x495.jpg 700w\"><\/p>\n<p style=\"text-align: center;\">\n","protected":false},"excerpt":{"rendered":"<p>K\u00f6sz\u00f6nts\u00fck egy\u00fctt a szemesztert \u00e9s robbantsuk be a tan\u00e9vet a PTE Welcome Festen! \ud83d\udd25<\/p>\n<p style=\"text-align: center;\">\u2757\ufe0f<span style=\"text-decoration: underline;\"><strong>Save the date:<\/strong> <\/span>2024 szeptember 11-12 az \u0151szi szezon garant\u00e1ltan legnagyobb bulija\u2757\ufe0f<\/p>\n","protected":false},"author":1,"featured_media":14355,"template":"","meta":{"_kad_blocks_custom_css":"","_kad_blocks_head_custom_js":"","_kad_blocks_body_custom_js":"","_kad_blocks_footer_custom_js":"","_kadence_starter_templates_imported_post":false,"_kad_post_transparent":"default","_kad_post_title":"","_kad_post_layout":"default","_kad_post_sidebar_id":"","_kad_post_content_style":"default","_kad_post_vertical_padding":"default","_kad_post_feature":"","_kad_post_feature_position":"","_kad_post_header":false,"_kad_post_footer":false},"product_brand":[],"product_cat":[32],"product_tag":[],"class_list":{"0":"post-14349","1":"product","2":"type-product","3":"status-publish","4":"has-post-thumbnail","6":"product_cat-rendezveny","8":"first","9":"outofstock","10":"taxable","11":"shipping-taxable","12":"product-type-variable","13":"entry","14":"content-bg","15":"loop-entry"},"taxonomy_info":{"product_cat":[{"value":32,"label":"Rendezv\u00e9ny"}]},"featured_image_src_large":["https:\/\/bulijegy.hu\/wp-content\/uploads\/2024\/07\/IMG_1874-1024x536.jpg",1024,536,true],"author_info":{"display_name":"vezerlo","author_link":"https:\/\/bulijegy.hu\/hu\/author\/vezerlo\/"},"comment_info":"","_links":{"self":[{"href":"https:\/\/bulijegy.hu\/hu\/wp-json\/wp\/v2\/product\/14349","targetHints":{"allow":["GET"]}}],"collection":[{"href":"https:\/\/bulijegy.hu\/hu\/wp-json\/wp\/v2\/product"}],"about":[{"href":"https:\/\/bulijegy.hu\/hu\/wp-json\/wp\/v2\/types\/product"}],"author":[{"embeddable":true,"href":"https:\/\/bulijegy.hu\/hu\/wp-json\/wp\/v2\/users\/1"}],"wp:featuredmedia":[{"embeddable":true,"href":"https:\/\/bulijegy.hu\/hu\/wp-json\/wp\/v2\/media\/14355"}],"wp:attachment":[{"href":"https:\/\/bulijegy.hu\/hu\/wp-json\/wp\/v2\/media?parent=14349"}],"wp:term":[{"taxonomy":"product_brand","embeddable":true,"href":"https:\/\/bulijegy.hu\/hu\/wp-json\/wp\/v2\/product_brand?post=14349"},{"taxonomy":"product_cat","embeddable":true,"href":"https:\/\/bulijegy.hu\/hu\/wp-json\/wp\/v2\/product_cat?post=14349"},{"taxonomy":"product_tag","embeddable":true,"href":"https:\/\/bulijegy.hu\/hu\/wp-json\/wp\/v2\/product_tag?post=14349"}],"curies":[{"name":"wp","href":"https:\/\/api.w.org\/{rel}","templated":true}]}}