{"id":14650,"date":"2024-08-06T00:21:25","date_gmt":"2024-08-05T22:21:25","guid":{"rendered":"https:\/\/bulijegy.hu\/?page_id=14650"},"modified":"2025-08-15T10:34:57","modified_gmt":"2025-08-15T08:34:57","slug":"kuponok","status":"publish","type":"page","link":"https:\/\/bulijegy.hu\/hu\/kuponok\/","title":{"rendered":"Kuponszab\u00e1lyzat"},"content":{"rendered":"\n<p>A bulijegy.hu \u00e9s az \u00fczemeltet\u0151 OHBM Services Kft. (tov\u00e1bbiakban egy\u00fctt bulijegy.hu) id\u0151r\u0151l-id\u0151re k\u00fcl\u00f6nb\u00f6z\u0151 akci\u00f3kat hirdethet \u00f6n\u00e1ll\u00f3an vagy partnerein kereszt\u00fcl kupon form\u00e1ban. A kupon egy olyan fizikai form\u00e1ban (pap\u00edr alapon vagy elt\u00e1rolhat\u00f3 .pdf k\u00e9p vagy f\u00e1jl form\u00e1ban), vagy elektronikus kuponk\u00f3d form\u00e1ban megjelen\u0151 utalv\u00e1ny, amely valamilyen d\u00edjkedvezm\u00e9nyt vagy t\u00f6bblet szolg\u00e1ltat\u00e1st biztos\u00edt a szolg\u00e1ltat\u00e1s v\u00e1s\u00e1rl\u00e1s\u00e1hoz k\u00f6t\u00f6tten.<\/p>\n\n\n\n<p>Egy adott akci\u00f3 r\u00e9szletei, \u00e9s az akci\u00f3ban val\u00f3 r\u00e9szv\u00e9teli felt\u00e9telek (kedvezm\u00e9ny m\u00e9rt\u00e9ke, akci\u00f3 id\u0151tartama, kupon \u00e9rv\u00e9nyess\u00e9ge, felhaszn\u00e1lhat\u00f3s\u00e1ga stb.) az akci\u00f3 megjelen\u00edt\u00e9s\u00e9vel egyidej\u0171leg ker\u00fclnek kihirdet\u00e9sre. Az akci\u00f3k megjelen\u00edt\u00e9se k\u00fcl\u00f6nb\u00f6z\u0151 fel\u00fcleteken t\u00f6rt\u00e9nhet, bizonyos kedvezm\u00e9nyek ig\u00e9nybev\u00e9tele regisztr\u00e1ci\u00f3t, applik\u00e1ci\u00f3 haszn\u00e1lathatot is elv\u00e1rhat.<\/p>\n\n\n\n<p>Egyes kuponok korl\u00e1toz\u00e1s n\u00e9lk\u00fcli felhaszn\u00e1lhat\u00f3k (az \u00e9rv\u00e9nyess\u00e9gi id\u0151 alatt), m\u00e1s kuponok eset\u00e9ben el\u0151fordulhat, hogy csak egyszeri kedvezm\u00e9ny ig\u00e9nybev\u00e9tel\u00e9t teszi lehet\u0151v\u00e9.<\/p>\n\n\n\n<p>&nbsp;<strong>Minden kupon eset\u00e9n ir\u00e1nyad\u00f3k a k\u00f6vetkez\u0151 szab\u00e1lyok:<\/strong><\/p>\n\n\n\n<ol class=\"wp-block-list\">\n<li>a kupon az adott akci\u00f3ban megjelen\u00edtett szolg\u00e1ltat\u00e1s megrendel\u00e9se eset\u00e9n, az akci\u00f3 id\u0151tartama alatt haszn\u00e1lhat\u00f3 fel, az \u00e9rv\u00e9nyes\u00edt\u00e9st a megrendel\u00e9s folyamat\u00e1ban kell jelezni<\/li>\n\n\n\n<li>a kupon nem v\u00e1lthat\u00f3 k\u00e9szp\u00e9nzre, nem adhat\u00f3 bel\u0151le k\u00e9szp\u00e9nz vissza<\/li>\n\n\n\n<li>egy megrendel\u00e9s eset\u00e9n egy kupon haszn\u00e1lhat\u00f3 fel, m\u00e1s kedvezm\u00e9nnyel csak akkor \u00f6sszevonhat\u00f3, ha ezt az akci\u00f3 le\u00edr\u00e1sa kifejezetten tartalmazza<\/li>\n\n\n\n<li>a kupon a meghirdetett \u00e9rv\u00e9nyess\u00e9gi id\u0151 alatt haszn\u00e1lhat\u00f3 fel, az \u00e9rv\u00e9nyess\u00e9gi id\u0151 vagy akci\u00f3 id\u0151tartam lej\u00e1rt\u00e1t k\u00f6vet\u0151en kedvezm\u00e9ny vagy visszat\u00e9r\u00edt\u00e9s semmilyen form\u00e1ban nem ig\u00e9nyelhet\u0151<\/li>\n\n\n\n<li>a megrendel\u00e9s v\u00e9gleges\u00edt\u00e9se sor\u00e1n fel nem haszn\u00e1lt kupon ut\u00f3lag nem \u00e9rv\u00e9nyes\u00edthet\u0151<\/li>\n\n\n\n<li>szab\u00e1lytalans\u00e1g vagy egy\u00e9b kiz\u00e1r\u00f3 ok eset\u00e9n a kupon bev\u00e1lt\u00e1sa megtagadhat\u00f3<\/li>\n<\/ol>\n\n\n\n<p>Amennyiben az akci\u00f3 r\u00e9szleteiben m\u00e1sk\u00e9nt nem ker\u00fclt meghat\u00e1roz\u00e1sra, a fizikai form\u00e1j\u00fa kupon t\u00f6bbsz\u00f6r\u00f6z\u00e9se, ut\u00e1nk\u00e9pz\u00e9se, m\u00e1sol\u00e1sa, hamis\u00edt\u00e1sa tilos, az elektronikus kuponk\u00f3d form\u00e1ban megjelen\u00edtett kupon harmadik f\u00e9l r\u00e9sz\u00e9re szabadon \u00e1truh\u00e1zhat\u00f3 \u00e9s korl\u00e1tlan sz\u00e1mban felhaszn\u00e1lhat\u00f3.<\/p>\n\n\n\n<p>A kuponok minden esetben a hat\u00e1lyos jogszab\u00e1lyok szerint ker\u00fclnek meghat\u00e1roz\u00e1sra \u00e9s megjelen\u00edt\u00e9sre, ugyanakkor a bulijegy.hu kiz\u00e1r minden felel\u0151ss\u00e9get a kupon elfogad\u00e1s\u00e1ra, a kuponnal ig\u00e9nybe vehet\u0151 szolg\u00e1ltat\u00e1sra, a kupon jogosulatlan felhaszn\u00e1l\u00e1s\u00e1ra vonatkoz\u00f3an, tov\u00e1bb\u00e1 jogosult b\u00e1rmely meghirdetett akci\u00f3 r\u00e9szleteit, felt\u00e9teleit, \u00e9rv\u00e9nyess\u00e9g\u00e9t indokolt esetben egyoldal\u00faan m\u00f3dos\u00edtani, az \u00dcgyfelek egyidej\u0171 t\u00e1j\u00e9koztat\u00e1sa mellett.<\/p>\n\n\n\n<p>Amennyiben az akci\u00f3 r\u00e9szleteiben m\u00e1sk\u00e9nt nem ker\u00fclt meghat\u00e1roz\u00e1sra, a kupon kiz\u00e1r\u00f3lag internetes fel\u00fcleten t\u00f6rt\u00e9n\u0151 megrendel\u00e9s eset\u00e9n haszn\u00e1lhat\u00f3 fel.<\/p>\n\n\n\n<p>A kupon felhaszn\u00e1l\u00e1sa a megrendel\u00e9s folyamat\u00e1ban, a megrendel\u00e9s v\u00e9gleges\u00edt\u00e9se el\u0151tt, a megrendel\u00e9si fel\u00fcleten a kuponk\u00f3d megfelel\u0151 helyen val\u00f3 be\u00edr\u00e1s\u00e1val t\u00f6rt\u00e9nik. Konkr\u00e9tan a megrendel\u00e9s \u00f6ssze\u00e1ll\u00edt\u00e1sa ut\u00e1n, de m\u00e9g a fizet\u00e9si fel\u00fclet el\u0151tt megjelenik a megrendel\u00e9s teljes le\u00edr\u00e1sa, a fizetend\u0151 teljes \u00f6sszeg, \u00e9s mellette\/ alatta a kuponk\u00f3d be\u00edr\u00e1s\u00e1nak lehet\u0151s\u00e9ge, \u00e9s itt tudja az \u00dcgyf\u00e9l a kuponk\u00f3dot be\u00edrni annak \u00e9rv\u00e9nyes\u00edt\u00e9s\u00e9hez. Amennyiben az \u00dcgyf\u00e9l a kuponk\u00f3d be\u00edr\u00e1sa n\u00e9lk\u00fcl v\u00e9gleges\u00edti a megrendel\u00e9s\u00e9t, \u00fagy a kupon ut\u00f3lag nem \u00e9rv\u00e9nyes\u00edthet\u0151.<\/p>\n\n\n\n<p>A m\u00e1r felhaszn\u00e1lt, vagy nem \u00e9rv\u00e9nyes, lej\u00e1rt kupon eset\u00e9n a megrendel\u00e9si fel\u00fcleten az \u00dcgyf\u00e9l r\u00e9sz\u00e9re a lej\u00e1rt\/\u00e9rv\u00e9nytelen kupon felirat jelenik meg.<\/p>\n\n\n\n<p>A kupont felhaszn\u00e1l\u00f3 \u00dcgyf\u00e9lt\u0151l \u00e1ltal\u00e1ban elv\u00e1rt az internetes\/applik\u00e1ci\u00f3ban t\u00f6rt\u00e9n\u0151 v\u00e1s\u00e1rl\u00e1skor szok\u00e1sos folyamatok ismerete, magatart\u00e1s k\u00f6vet\u00e9se.<\/p>\n\n\n\n<p>A bulijegy.hu kiz\u00e1rja a felel\u0151ss\u00e9g\u00e9t az elektronikus\/internetes \u00fczenetek terjeszt\u00e9s\u00e9n\u00e9l el\u0151fordul\u00f3 hib\u00e1k\u00e9rt, kiz\u00e1rja tov\u00e1bb\u00e1 a felel\u0151ss\u00e9g\u00e9t b\u00e1rmilyen k\u00e1rt\u00e9r\u00edt\u00e9si, k\u00e1rtalan\u00edt\u00e1si ig\u00e9ny\u00e9rt az akci\u00f3 sor\u00e1n, az akci\u00f3 esetleges hib\u00e1ib\u00f3l, hi\u00e1nyoss\u00e1gaib\u00f3l, hib\u00e1s m\u0171k\u00f6d\u00e9s\u00e9b\u0151l ered\u0151 vagy ahhoz kapcsol\u00f3d\u00f3 k\u00f6lts\u00e9gek\u00e9rt, k\u00e1rok\u00e9rt, vesztes\u00e9gek\u00e9rt. A bulijegy.hu nem bocs\u00e1jt ki olyan kupont, amely 50%-n\u00e1l nagyobb kedvezm\u00e9nyre jogos\u00edt, \u00edgy amennyiben ett\u0151l elt\u00e9r\u0151 inform\u00e1ci\u00f3 ker\u00fcl felt\u00fcntet\u00e9sre, az nyilv\u00e1nval\u00f3an el\u00edr\u00e1s, technikai hiba eredm\u00e9nye, ilyen esetben a bulijegy.hu a val\u00f3s kedvezm\u00e9nyes \u00e1rat aj\u00e1nlja fel az \u00dcgyf\u00e9l sz\u00e1m\u00e1ra.<\/p>\n\n\n<style>.kt-accordion-id14650_9ad246-dd .kt-accordion-inner-wrap{column-gap:var(--global-kb-gap-md, 2rem);row-gap:0px;}.kt-accordion-id14650_9ad246-dd .kt-accordion-panel-inner{border-top:0px solid transparent;border-right:0px solid transparent;border-bottom:0px solid transparent;border-left:0px solid transparent;padding-top:var(--global-kb-spacing-sm, 1.5rem);padding-right:var(--global-kb-spacing-sm, 1.5rem);padding-bottom:var(--global-kb-spacing-sm, 1.5rem);padding-left:var(--global-kb-spacing-sm, 1.5rem);}.kt-accordion-id14650_9ad246-dd > .kt-accordion-inner-wrap > .wp-block-kadence-pane > .kt-accordion-header-wrap > .kt-blocks-accordion-header{border-top:0px solid #f2f2f2;border-right:0px solid #f2f2f2;border-bottom:0px solid #f2f2f2;border-left:0px solid #f2f2f2;border-top-left-radius:0px;border-top-right-radius:0px;border-bottom-right-radius:0px;border-bottom-left-radius:0px;background:#f2f2f2;color:#555555;padding-top:10px;padding-right:14px;padding-bottom:10px;padding-left:14px;}.kt-accordion-id14650_9ad246-dd:not( .kt-accodion-icon-style-basiccircle ):not( .kt-accodion-icon-style-xclosecircle ):not( .kt-accodion-icon-style-arrowcircle )  > .kt-accordion-inner-wrap > .wp-block-kadence-pane > .kt-accordion-header-wrap .kt-blocks-accordion-icon-trigger:after, .kt-accordion-id14650_9ad246-dd:not( .kt-accodion-icon-style-basiccircle ):not( .kt-accodion-icon-style-xclosecircle ):not( .kt-accodion-icon-style-arrowcircle )  > .kt-accordion-inner-wrap > .wp-block-kadence-pane > .kt-accordion-header-wrap .kt-blocks-accordion-icon-trigger:before{background:#555555;}.kt-accordion-id14650_9ad246-dd:not( .kt-accodion-icon-style-basic ):not( .kt-accodion-icon-style-xclose ):not( .kt-accodion-icon-style-arrow ) .kt-blocks-accordion-icon-trigger{background:#555555;}.kt-accordion-id14650_9ad246-dd:not( .kt-accodion-icon-style-basic ):not( .kt-accodion-icon-style-xclose ):not( .kt-accodion-icon-style-arrow ) .kt-blocks-accordion-icon-trigger:after, .kt-accordion-id14650_9ad246-dd:not( .kt-accodion-icon-style-basic ):not( .kt-accodion-icon-style-xclose ):not( .kt-accodion-icon-style-arrow ) .kt-blocks-accordion-icon-trigger:before{background:#f2f2f2;}.kt-accordion-id14650_9ad246-dd > .kt-accordion-inner-wrap > .wp-block-kadence-pane > .kt-accordion-header-wrap > .kt-blocks-accordion-header:hover, \n\t\t\t\tbody:not(.hide-focus-outline) .kt-accordion-id14650_9ad246-dd .kt-blocks-accordion-header:focus-visible{color:#444444;background:#eeeeee;border-top-color:#eeeeee;border-top-style:solid;border-right-color:#eeeeee;border-right-style:solid;border-bottom-color:#eeeeee;border-bottom-style:solid;border-left-color:#eeeeee;border-left-style:solid;}.kt-accordion-id14650_9ad246-dd:not( .kt-accodion-icon-style-basiccircle ):not( .kt-accodion-icon-style-xclosecircle ):not( .kt-accodion-icon-style-arrowcircle ) .kt-accordion-header-wrap .kt-blocks-accordion-header:hover .kt-blocks-accordion-icon-trigger:after, .kt-accordion-id14650_9ad246-dd:not( .kt-accodion-icon-style-basiccircle ):not( .kt-accodion-icon-style-xclosecircle ):not( .kt-accodion-icon-style-arrowcircle ) .kt-accordion-header-wrap .kt-blocks-accordion-header:hover .kt-blocks-accordion-icon-trigger:before, body:not(.hide-focus-outline) .kt-accordion-id14650_9ad246-dd:not( .kt-accodion-icon-style-basiccircle ):not( .kt-accodion-icon-style-xclosecircle ):not( .kt-accodion-icon-style-arrowcircle ) .kt-blocks-accordion--visible .kt-blocks-accordion-icon-trigger:after, body:not(.hide-focus-outline) .kt-accordion-id14650_9ad246-dd:not( .kt-accodion-icon-style-basiccircle ):not( .kt-accodion-icon-style-xclosecircle ):not( .kt-accodion-icon-style-arrowcircle ) .kt-blocks-accordion-header:focus-visible .kt-blocks-accordion-icon-trigger:before{background:#444444;}.kt-accordion-id14650_9ad246-dd:not( .kt-accodion-icon-style-basic ):not( .kt-accodion-icon-style-xclose ):not( .kt-accodion-icon-style-arrow ) .kt-accordion-header-wrap .kt-blocks-accordion-header:hover .kt-blocks-accordion-icon-trigger, body:not(.hide-focus-outline) .kt-accordion-id14650_9ad246-dd:not( .kt-accodion-icon-style-basic ):not( .kt-accodion-icon-style-xclose ):not( .kt-accodion-icon-style-arrow ) .kt-accordion-header-wrap .kt-blocks-accordion-header:focus-visible .kt-blocks-accordion-icon-trigger{background:#444444;}.kt-accordion-id14650_9ad246-dd:not( .kt-accodion-icon-style-basic ):not( .kt-accodion-icon-style-xclose ):not( .kt-accodion-icon-style-arrow ) .kt-accordion-header-wrap .kt-blocks-accordion-header:hover .kt-blocks-accordion-icon-trigger:after, .kt-accordion-id14650_9ad246-dd:not( .kt-accodion-icon-style-basic ):not( .kt-accodion-icon-style-xclose ):not( .kt-accodion-icon-style-arrow ) .kt-accordion-header-wrap .kt-blocks-accordion-header:hover .kt-blocks-accordion-icon-trigger:before, body:not(.hide-focus-outline) .kt-accordion-id14650_9ad246-dd:not( .kt-accodion-icon-style-basic ):not( .kt-accodion-icon-style-xclose ):not( .kt-accodion-icon-style-arrow ) .kt-accordion-header-wrap .kt-blocks-accordion-header:focus-visible .kt-blocks-accordion-icon-trigger:after, body:not(.hide-focus-outline) .kt-accordion-id14650_9ad246-dd:not( .kt-accodion-icon-style-basic ):not( .kt-accodion-icon-style-xclose ):not( .kt-accodion-icon-style-arrow ) .kt-accordion-header-wrap .kt-blocks-accordion-header:focus-visible .kt-blocks-accordion-icon-trigger:before{background:#eeeeee;}.kt-accordion-id14650_9ad246-dd .kt-accordion-header-wrap .kt-blocks-accordion-header:focus-visible,\n\t\t\t\t.kt-accordion-id14650_9ad246-dd > .kt-accordion-inner-wrap > .wp-block-kadence-pane > .kt-accordion-header-wrap > .kt-blocks-accordion-header.kt-accordion-panel-active{color:#ffffff;background:#444444;border-top-color:#444444;border-top-style:solid;border-right-color:#444444;border-right-style:solid;border-bottom-color:#444444;border-bottom-style:solid;border-left-color:#444444;border-left-style:solid;}.kt-accordion-id14650_9ad246-dd:not( .kt-accodion-icon-style-basiccircle ):not( .kt-accodion-icon-style-xclosecircle ):not( .kt-accodion-icon-style-arrowcircle )  > .kt-accordion-inner-wrap > .wp-block-kadence-pane > .kt-accordion-header-wrap > .kt-blocks-accordion-header.kt-accordion-panel-active .kt-blocks-accordion-icon-trigger:after, .kt-accordion-id14650_9ad246-dd:not( .kt-accodion-icon-style-basiccircle ):not( .kt-accodion-icon-style-xclosecircle ):not( .kt-accodion-icon-style-arrowcircle )  > .kt-accordion-inner-wrap > .wp-block-kadence-pane > .kt-accordion-header-wrap > .kt-blocks-accordion-header.kt-accordion-panel-active .kt-blocks-accordion-icon-trigger:before{background:#ffffff;}.kt-accordion-id14650_9ad246-dd:not( .kt-accodion-icon-style-basic ):not( .kt-accodion-icon-style-xclose ):not( .kt-accodion-icon-style-arrow ) .kt-blocks-accordion-header.kt-accordion-panel-active .kt-blocks-accordion-icon-trigger{background:#ffffff;}.kt-accordion-id14650_9ad246-dd:not( .kt-accodion-icon-style-basic ):not( .kt-accodion-icon-style-xclose ):not( .kt-accodion-icon-style-arrow ) .kt-blocks-accordion-header.kt-accordion-panel-active .kt-blocks-accordion-icon-trigger:after, .kt-accordion-id14650_9ad246-dd:not( .kt-accodion-icon-style-basic ):not( .kt-accodion-icon-style-xclose ):not( .kt-accodion-icon-style-arrow ) .kt-blocks-accordion-header.kt-accordion-panel-active .kt-blocks-accordion-icon-trigger:before{background:#444444;}@media all and (max-width: 1024px){.kt-accordion-id14650_9ad246-dd .kt-accordion-panel-inner{border-top:0px solid transparent;border-right:0px solid transparent;border-bottom:0px solid transparent;border-left:0px solid transparent;}}@media all and (max-width: 1024px){.kt-accordion-id14650_9ad246-dd > .kt-accordion-inner-wrap > .wp-block-kadence-pane > .kt-accordion-header-wrap > .kt-blocks-accordion-header{border-top:0px solid #f2f2f2;border-right:0px solid #f2f2f2;border-bottom:0px solid #f2f2f2;border-left:0px solid #f2f2f2;}}@media all and (max-width: 1024px){.kt-accordion-id14650_9ad246-dd > .kt-accordion-inner-wrap > .wp-block-kadence-pane > .kt-accordion-header-wrap > .kt-blocks-accordion-header:hover, \n\t\t\t\tbody:not(.hide-focus-outline) .kt-accordion-id14650_9ad246-dd .kt-blocks-accordion-header:focus-visible{border-top-color:#eeeeee;border-top-style:solid;border-right-color:#eeeeee;border-right-style:solid;border-bottom-color:#eeeeee;border-bottom-style:solid;border-left-color:#eeeeee;border-left-style:solid;}}@media all and (max-width: 1024px){.kt-accordion-id14650_9ad246-dd .kt-accordion-header-wrap .kt-blocks-accordion-header:focus-visible,\n\t\t\t\t.kt-accordion-id14650_9ad246-dd > .kt-accordion-inner-wrap > .wp-block-kadence-pane > .kt-accordion-header-wrap > .kt-blocks-accordion-header.kt-accordion-panel-active{border-top-color:#444444;border-top-style:solid;border-right-color:#444444;border-right-style:solid;border-bottom-color:#444444;border-bottom-style:solid;border-left-color:#444444;border-left-style:solid;}}@media all and (max-width: 767px){.kt-accordion-id14650_9ad246-dd .kt-accordion-inner-wrap{display:block;}.kt-accordion-id14650_9ad246-dd .kt-accordion-inner-wrap .kt-accordion-pane:not(:first-child){margin-top:0px;}.kt-accordion-id14650_9ad246-dd .kt-accordion-panel-inner{border-top:0px solid transparent;border-right:0px solid transparent;border-bottom:0px solid transparent;border-left:0px solid transparent;}.kt-accordion-id14650_9ad246-dd > .kt-accordion-inner-wrap > .wp-block-kadence-pane > .kt-accordion-header-wrap > .kt-blocks-accordion-header{border-top:0px solid #f2f2f2;border-right:0px solid #f2f2f2;border-bottom:0px solid #f2f2f2;border-left:0px solid #f2f2f2;}.kt-accordion-id14650_9ad246-dd > .kt-accordion-inner-wrap > .wp-block-kadence-pane > .kt-accordion-header-wrap > .kt-blocks-accordion-header:hover, \n\t\t\t\tbody:not(.hide-focus-outline) .kt-accordion-id14650_9ad246-dd .kt-blocks-accordion-header:focus-visible{border-top-color:#eeeeee;border-top-style:solid;border-right-color:#eeeeee;border-right-style:solid;border-bottom-color:#eeeeee;border-bottom-style:solid;border-left-color:#eeeeee;border-left-style:solid;}.kt-accordion-id14650_9ad246-dd .kt-accordion-header-wrap .kt-blocks-accordion-header:focus-visible,\n\t\t\t\t.kt-accordion-id14650_9ad246-dd > .kt-accordion-inner-wrap > .wp-block-kadence-pane > .kt-accordion-header-wrap > .kt-blocks-accordion-header.kt-accordion-panel-active{border-top-color:#444444;border-top-style:solid;border-right-color:#444444;border-right-style:solid;border-bottom-color:#444444;border-bottom-style:solid;border-left-color:#444444;border-left-style:solid;}}<\/style>\n<div class=\"wp-block-kadence-accordion alignnone\"><div class=\"kt-accordion-wrap kt-accordion-id14650_9ad246-dd kt-accordion-has-6-panes kt-active-pane-0 kt-accordion-block kt-pane-header-alignment-left kt-accodion-icon-style-basic kt-accodion-icon-side-right\" style=\"max-width:none\"><div class=\"kt-accordion-inner-wrap\" data-allow-multiple-open=\"false\" data-start-open=\"none\">\n<div class=\"wp-block-kadence-pane kt-accordion-pane kt-accordion-pane-1 kt-pane14650_d5e0bd-c7\"><div class=\"kt-accordion-header-wrap\"><button class=\"kt-blocks-accordion-header kt-acccordion-button-label-show\" type=\"button\"><span class=\"kt-blocks-accordion-title-wrap\"><span class=\"kt-blocks-accordion-title\">PTE Welcome Fest 2025 prom\u00f3ci\u00f3 PTE g\u00f3lya hallgat\u00f3knak<\/span><\/span><span class=\"kt-blocks-accordion-icon-trigger\"><\/span><\/button><\/div><div class=\"kt-accordion-panel kt-accordion-panel-hidden\"><div class=\"kt-accordion-panel-inner\">\n<p>A prom\u00f3ci\u00f3s k\u00f3d kiz\u00e1r\u00f3lag online el\u0151v\u00e9tel eset\u00e9n a &#8222;Welcome Fest 2025 B\u00e9rlet (PTE hallgat\u00f3knak)&#8221; term\u00e9kt\u00edpus eset\u00e9n v\u00e1lthat\u00f3 be. Egy v\u00e1s\u00e1rl\u00f3 a prom\u00f3ci\u00f3s k\u00f3dot kiz\u00e1r\u00f3lag egy alkalommal haszn\u00e1lhatja fel.<\/p>\n<\/div><\/div><\/div>\n\n\n\n<div class=\"wp-block-kadence-pane kt-accordion-pane kt-accordion-pane-6 kt-pane14650_c5aac8-3f\"><div class=\"kt-accordion-header-wrap\"><button class=\"kt-blocks-accordion-header kt-acccordion-button-label-show\" type=\"button\"><span class=\"kt-blocks-accordion-title-wrap\"><span class=\"kt-blocks-accordion-title\">PTE Welcome Fest 2025 Merch kamp\u00e1ny<\/span><\/span><span class=\"kt-blocks-accordion-icon-trigger\"><\/span><\/button><\/div><div class=\"kt-accordion-panel kt-accordion-panel-hidden\"><div class=\"kt-accordion-panel-inner\">\n<p>A plak\u00e1tokon tal\u00e1lhat\u00f3 prom\u00f3ci\u00f3s k\u00f3d augusztus 20-ig v\u00e1lthat\u00f3 be a PTE Welcome Fest 2025 Merch term\u00e9kekre. A kuponk\u00f3d kedvezm\u00e9nye egy\u00e9b akci\u00f3kkal \u00f6sszevonhat\u00f3. Egy v\u00e1s\u00e1rl\u00f3 a prom\u00f3ci\u00f3s k\u00f3dot kiz\u00e1r\u00f3lag egy alkalommal haszn\u00e1lhatja be.<\/p>\n<\/div><\/div><\/div>\n\n\n\n<div class=\"wp-block-kadence-pane kt-accordion-pane kt-accordion-pane-3 kt-pane14650_45ff5a-ab\"><div class=\"kt-accordion-header-wrap\"><button class=\"kt-blocks-accordion-header kt-acccordion-button-label-show\" type=\"button\"><span class=\"kt-blocks-accordion-title-wrap\"><span class=\"kt-blocks-accordion-title\">H\u00edrlev\u00e9l-feliratkoz\u00e1s prom\u00f3ci\u00f3 (Welcome Fest &#8217;25 jegy\u00e9rt\u00e9kes\u00edt\u00e9s-indul\u00e1s)<\/span><\/span><span class=\"kt-blocks-accordion-icon-trigger\"><\/span><\/button><\/div><div class=\"kt-accordion-panel kt-accordion-panel-hidden\"><div class=\"kt-accordion-panel-inner\">\n<p>A prom\u00f3ci\u00f3s k\u00f3d kiz\u00e1r\u00f3lag online el\u0151v\u00e9tel eset\u00e9n egy darab Welcome Fest &#8217;25 p\u00f3l\u00f3 v\u00e1s\u00e1rl\u00e1s\u00e1ra haszn\u00e1lhat\u00f3 fel. Egy v\u00e1s\u00e1rl\u00f3 a prom\u00f3ci\u00f3s k\u00f3dot kiz\u00e1r\u00f3lag egy alkalommal haszn\u00e1lhatja fel. A k\u00f3d felhaszn\u00e1l\u00e1sa 2025. augusztus 10.-ig lehets\u00e9ges. A prom\u00f3ci\u00f3s kedvezm\u00e9ny \u00e9rt\u00e9ke az akci\u00f3s term\u00e9k 20%-a kerek\u00edtve a k\u00e9szp\u00e9nz kerek\u00edt\u00e9si szab\u00e1lyok alkalmaz\u00e1s\u00e1val: azaz mind\u00f6sszesen 1400,- Ft.<\/p>\n<\/div><\/div><\/div>\n\n\n\n<div class=\"wp-block-kadence-pane kt-accordion-pane kt-accordion-pane-4 kt-pane14650_417751-75\"><div class=\"kt-accordion-header-wrap\"><button class=\"kt-blocks-accordion-header kt-acccordion-button-label-show\" type=\"button\"><span class=\"kt-blocks-accordion-title-wrap\"><span class=\"kt-blocks-accordion-title\">H\u00edrlev\u00e9l-feliratkoz\u00e1s prom\u00f3ci\u00f3 (Welcome Fest &#8217;25 Merch prom\u00f3)<\/span><\/span><span class=\"kt-blocks-accordion-icon-trigger\"><\/span><\/button><\/div><div class=\"kt-accordion-panel kt-accordion-panel-hidden\"><div class=\"kt-accordion-panel-inner\">\n<p>A prom\u00f3ci\u00f3s k\u00f3d kiz\u00e1r\u00f3lag online el\u0151v\u00e9tel eset\u00e9n egy darab Welcome Fest &#8217;25 p\u00f3l\u00f3 v\u00e1s\u00e1rl\u00e1s\u00e1ra haszn\u00e1lhat\u00f3 fel. Egy v\u00e1s\u00e1rl\u00f3 a prom\u00f3ci\u00f3s k\u00f3dot kiz\u00e1r\u00f3lag egy alkalommal haszn\u00e1lhatja fel. A k\u00f3dok kik\u00fcld\u00e9s\u00e9re 2025. augusztus 11-\u00e9n ker\u00fcl sor. A k\u00f3d 2025. augusztus 20-ig haszn\u00e1lhat\u00f3 fel.  A prom\u00f3ci\u00f3s kedvezm\u00e9ny \u00e9rt\u00e9ke az akci\u00f3s term\u00e9k 15%-a kerek\u00edtve a k\u00e9szp\u00e9nz kerek\u00edt\u00e9si szab\u00e1lyok alkalmaz\u00e1s\u00e1val: azaz mind\u00f6sszesen 1050,- Ft.<\/p>\n<\/div><\/div><\/div>\n<\/div><\/div><\/div>\n","protected":false},"excerpt":{"rendered":"<p>A bulijegy.hu \u00e9s az \u00fczemeltet\u0151 OHBM Services Kft. (tov\u00e1bbiakban egy\u00fctt bulijegy.hu) id\u0151r\u0151l-id\u0151re k\u00fcl\u00f6nb\u00f6z\u0151 akci\u00f3kat hirdethet \u00f6n\u00e1ll\u00f3an vagy partnerein kereszt\u00fcl kupon form\u00e1ban. A kupon egy olyan fizikai form\u00e1ban (pap\u00edr alapon vagy elt\u00e1rolhat\u00f3 .pdf k\u00e9p vagy f\u00e1jl form\u00e1ban), vagy elektronikus kuponk\u00f3d form\u00e1ban megjelen\u0151 utalv\u00e1ny, amely valamilyen d\u00edjkedvezm\u00e9nyt vagy t\u00f6bblet szolg\u00e1ltat\u00e1st biztos\u00edt a szolg\u00e1ltat\u00e1s v\u00e1s\u00e1rl\u00e1s\u00e1hoz k\u00f6t\u00f6tten. Egy adott&#8230;<\/p>\n","protected":false},"author":1,"featured_media":0,"parent":0,"menu_order":0,"comment_status":"closed","ping_status":"closed","template":"","meta":{"_kad_blocks_custom_css":"","_kad_blocks_head_custom_js":"","_kad_blocks_body_custom_js":"","_kad_blocks_footer_custom_js":"","_kadence_starter_templates_imported_post":false,"_kad_post_transparent":"","_kad_post_title":"","_kad_post_layout":"","_kad_post_sidebar_id":"","_kad_post_content_style":"","_kad_post_vertical_padding":"","_kad_post_feature":"","_kad_post_feature_position":"","_kad_post_header":false,"_kad_post_footer":false,"footnotes":""},"class_list":["post-14650","page","type-page","status-publish","hentry"],"taxonomy_info":[],"featured_image_src_large":false,"author_info":{"display_name":"vezerlo","author_link":"https:\/\/bulijegy.hu\/hu\/author\/vezerlo\/"},"comment_info":0,"_links":{"self":[{"href":"https:\/\/bulijegy.hu\/hu\/wp-json\/wp\/v2\/pages\/14650","targetHints":{"allow":["GET"]}}],"collection":[{"href":"https:\/\/bulijegy.hu\/hu\/wp-json\/wp\/v2\/pages"}],"about":[{"href":"https:\/\/bulijegy.hu\/hu\/wp-json\/wp\/v2\/types\/page"}],"author":[{"embeddable":true,"href":"https:\/\/bulijegy.hu\/hu\/wp-json\/wp\/v2\/users\/1"}],"replies":[{"embeddable":true,"href":"https:\/\/bulijegy.hu\/hu\/wp-json\/wp\/v2\/comments?post=14650"}],"version-history":[{"count":0,"href":"https:\/\/bulijegy.hu\/hu\/wp-json\/wp\/v2\/pages\/14650\/revisions"}],"wp:attachment":[{"href":"https:\/\/bulijegy.hu\/hu\/wp-json\/wp\/v2\/media?parent=14650"}],"curies":[{"name":"wp","href":"https:\/\/api.w.org\/{rel}","templated":true}]}}