{"id":9280,"date":"2024-02-22T17:52:30","date_gmt":"2024-02-22T16:52:30","guid":{"rendered":"https:\/\/bulijegy.hu\/?post_type=product&#038;p=9280"},"modified":"2024-03-09T18:02:06","modified_gmt":"2024-03-09T17:02:06","slug":"international-evening-2024","status":"publish","type":"product","link":"https:\/\/bulijegy.hu\/en\/product\/international-evening-2024\/","title":{"rendered":"International Evening 2024"},"content":{"rendered":"<div class=\"group w-full text-gray-800 dark:text-gray-100 border-b border-black\/10 dark:border-gray-900\/50 bg-gray-50 dark:bg-[#444654]\">\n<div class=\"text-base gap-4 md:gap-6 md:max-w-2xl lg:max-w-xl xl:max-w-3xl p-4 md:py-6 flex lg:px-0 m-auto\">\n<div class=\"relative flex w-[calc(100%-50px)] flex-col gap-1 md:gap-3 lg:w-[calc(100%-115px)]\">\n<div class=\"flex flex-grow flex-col gap-3\">\n<div class=\"min-h-[20px] flex flex-col items-start gap-4 whitespace-pre-wrap break-words\">\n<div class=\"markdown prose w-full break-words dark:prose-invert light\">\n<div class=\"x1tlxs6b x1g8br2z x1gn5b1j x230xth x14ctfv x1okitfd x6ikm8r x10wlt62 x1mzt3pk x1y1aw1k xn6708d xwib8y2 x1ye3gou x1n2onr6 x13faqbe x1vjfegm\" role=\"none\">\n<div class=\"x9f619 x1n2onr6 x1ja2u2z __fb-light-mode\" role=\"none\">\n<div class=\"x6prxxf x1fc57z9 x1yc453h x126k92a xzsf02u\" dir=\"auto\" role=\"none\">\n<h3><span class=\"HwtZe\" lang=\"hu\"><span class=\"jCAhz ChMk0b\"><span class=\"ryNqvb\">Jegyek a helysz\u00ednen is v\u00e1s\u00e1rolhat\u00f3k bankk\u00e1rty\u00e1val vagy k\u00e9szp\u00e9nzzel.<\/span><\/span><\/span><\/h3>\n<p>\u00dcdv\u00f6zl\u00fcnk a 2024-es International Evening jegy\u00e9rt\u00e9kes\u00edt\u00e9s\u00e9n!<\/p>\n<p>Gyere \u00e9s \u00e9lvezd a vil\u00e1g sok nemzet\u00e9nek vibr\u00e1l\u00f3 multikulturalizmus\u00e1t, l\u00e1tv\u00e1nyos tev\u00e9kenys\u00e9geit \u00e9s finom konyh\u00e1it.<\/p>\n<p>Ahhoz, hogy r\u00e9szt vehess az esem\u00e9nyen, k\u00e9rj\u00fck, v\u00e1s\u00e1rold meg jegyedet:<\/p>\n<p><del datetime=\"2024-03-09T17:00:52+00:00\"><\/p>\n<ul>\n<li>PTE \u00c1OK* hallgat\u00f3k kedvezm\u00e9nyes jegy\u00e1ra: 3500,- Ft<br \/>\nOnline el\u0151v\u00e9teles jegy\u00e1r nem PTE \u00c1OK hallgat\u00f3knak: 4000,- Ft<\/li>\n<\/ul>\n<p><\/del><\/p>\n<ul>\n<li><strong>A helysz\u00ednen v\u00e1s\u00e1rolt jegyek (minden v\u00e1s\u00e1rl\u00f3ra vonatkozik): 5000,- Ft<\/strong><\/li>\n<\/ul>\n<p>* P\u00e9csi Tudom\u00e1nyegyetem \u00c1ltal\u00e1nos Orvostudom\u00e1nyi Kar<\/p>\n<p>\u00c1ltal\u00e1nos Inform\u00e1ci\u00f3k:<\/p>\n<ul>\n<li>Kapunyit\u00e1s \u2192 18:30<\/li>\n<li>Az esem\u00e9ny kezdete \u2192 19:00<\/li>\n<\/ul>\n<p><strong>Figyelmeztet\u00e9s:<\/strong> El\u0151v\u00e9teles jegyeket kiz\u00e1r\u00f3lag online \u00e9rt\u00e9kes\u00edtj\u00fck! <span class=\"HwtZe\" lang=\"hu\"><span class=\"jCAhz ChMk0b\"><span class=\"ryNqvb\">Jegyek a helysz\u00ednen is v\u00e1s\u00e1rolhat\u00f3k bankk\u00e1rty\u00e1val vagy k\u00e9szp\u00e9nzzel.<\/span><\/span><\/span><\/p>\n<p style=\"text-align: center;\"><strong>Ker\u00fcld el a sorban\u00e1ll\u00e1st, \u00e9s vedd \u00e1t a jegyedet az EGSC Irod\u00e1ban!<\/strong><br \/>\n<em>2024. m\u00e1rcius 4-t\u0151l 2024. m\u00e1rcius 8-ig online megv\u00e1s\u00e1rold jegyedet a P\u00e9csi Tudom\u00e1nyegyetem Orvostudom\u00e1nyi Kar\u00e1nak (7624 P\u00e9cs, Szigeti \u00fat 12.) m\u00e1sodik emelet\u00e9n tal\u00e1lhat\u00f3 EGSC Irod\u00e1ban el\u0151zetesen karszalagra v\u00e1lthatod. Ott az esem\u00e9ny szervez\u0151i fogadnak, \u00e9s adj\u00e1k \u00e1t a karszalagodat, ami az esem\u00e9nybeli bel\u00e9p\u0151d lesz.<\/em><\/p>\n<p><strong>K\u00f6vess minket a <a href=\"https:\/\/www.facebook.com\/events\/916470929799461\">k\u00f6z\u00f6ss\u00e9gi m\u00e9di\u00e1ban<\/a>, hogy naprak\u00e9sz maradj!<\/strong><\/p>\n<p>Fizet\u00e9ssel, illetve jelen honlap m\u0171k\u00f6d\u00e9s\u00e9vel <a href=\"https:\/\/bulijegy.hu\/kapcsolat\/\">ide kattintva<\/a> k\u00e9rhetsz seg\u00edts\u00e9get. Ha b\u00e1rmilyen tov\u00e1bbi k\u00e9rd\u00e9sed van, k\u00e9rj\u00fck, vedd fel vel\u00fcnk a kapcsolatot az <a href=\"mailto:egsc@aok.pte.hu\">egsc@aok.pte.hu<\/a><span style=\"font-family: var(--global-body-font-family);\">\u00a0e-mail c\u00edmen. <\/span><\/p>\n<p><span style=\"font-family: var(--global-body-font-family);\">K\u00e9sz\u00fclj fel, h\u00edvd meg a bar\u00e1taidat, \u00e9s \u00e9lvezz\u00e9tek egy\u00fctt az est\u00e9t!\u00a0 \u2b50<span style=\"color: #ff0000;\">Shining Bright<\/span>\u2b50!<\/span><\/p>\n<p><span style=\"font-family: var(--global-body-font-family);\">Rem\u00e9lj\u00fck, mindenkit ott l\u00e1thatunk!<\/span><\/p>\n<div class=\"lRu31\" dir=\"ltr\"><a href=\"https:\/\/www.facebook.com\/pte.aok.egsc\"><em>EGSC &#8211; English German Student Council<\/em><\/a><\/div>\n<p>&nbsp;<\/p>\n<\/div>\n<\/div>\n<\/div>\n<\/div>\n<\/div>\n<\/div>\n<\/div>\n<\/div>\n<\/div>\n","protected":false},"excerpt":{"rendered":"<p>Tickets can also be purchased on the spot by credit card or cash. Welcome to the ticket sales of the 2024 International Evening! Come and enjoy the vibrant multiculturalism, spectacular activities and delicious cuisine of many nations from around the world. To attend the event, please buy your ticket.<\/p>","protected":false},"author":1,"featured_media":9283,"template":"","meta":{"_kad_blocks_custom_css":"","_kad_blocks_head_custom_js":"","_kad_blocks_body_custom_js":"","_kad_blocks_footer_custom_js":"","_kadence_starter_templates_imported_post":false,"_kad_post_transparent":"default","_kad_post_title":"","_kad_post_layout":"default","_kad_post_sidebar_id":"","_kad_post_content_style":"default","_kad_post_vertical_padding":"default","_kad_post_feature":"","_kad_post_feature_position":"","_kad_post_header":false,"_kad_post_footer":false},"product_brand":[],"product_cat":[32],"product_tag":[],"class_list":{"0":"post-9280","1":"product","2":"type-product","3":"status-publish","4":"has-post-thumbnail","6":"product_cat-rendezveny","8":"first","9":"outofstock","10":"taxable","11":"shipping-taxable","12":"product-type-variable","13":"entry","14":"content-bg","15":"loop-entry"},"taxonomy_info":{"product_cat":[{"value":32,"label":"Rendezv\u00e9ny"}]},"featured_image_src_large":["https:\/\/bulijegy.hu\/wp-content\/uploads\/2024\/02\/428330471_808449241306357_8964663499702743881_n-1024x576.jpg",1024,576,true],"author_info":{"display_name":"vezerlo","author_link":"https:\/\/bulijegy.hu\/en\/author\/vezerlo\/"},"comment_info":"","_links":{"self":[{"href":"https:\/\/bulijegy.hu\/en\/wp-json\/wp\/v2\/product\/9280","targetHints":{"allow":["GET"]}}],"collection":[{"href":"https:\/\/bulijegy.hu\/en\/wp-json\/wp\/v2\/product"}],"about":[{"href":"https:\/\/bulijegy.hu\/en\/wp-json\/wp\/v2\/types\/product"}],"author":[{"embeddable":true,"href":"https:\/\/bulijegy.hu\/en\/wp-json\/wp\/v2\/users\/1"}],"wp:featuredmedia":[{"embeddable":true,"href":"https:\/\/bulijegy.hu\/en\/wp-json\/wp\/v2\/media\/9283"}],"wp:attachment":[{"href":"https:\/\/bulijegy.hu\/en\/wp-json\/wp\/v2\/media?parent=9280"}],"wp:term":[{"taxonomy":"product_brand","embeddable":true,"href":"https:\/\/bulijegy.hu\/en\/wp-json\/wp\/v2\/product_brand?post=9280"},{"taxonomy":"product_cat","embeddable":true,"href":"https:\/\/bulijegy.hu\/en\/wp-json\/wp\/v2\/product_cat?post=9280"},{"taxonomy":"product_tag","embeddable":true,"href":"https:\/\/bulijegy.hu\/en\/wp-json\/wp\/v2\/product_tag?post=9280"}],"curies":[{"name":"wp","href":"https:\/\/api.w.org\/{rel}","templated":true}]}}