{"id":9159,"date":"2024-02-01T10:51:16","date_gmt":"2024-02-01T09:51:16","guid":{"rendered":"https:\/\/bulijegy.hu\/?post_type=product&#038;p=9159"},"modified":"2024-02-13T11:33:24","modified_gmt":"2024-02-13T10:33:24","slug":"kulturalis-kalandozasok-2024-tavaszi-felev","status":"publish","type":"product","link":"https:\/\/bulijegy.hu\/en\/product\/kulturalis-kalandozasok-2024-tavaszi-felev\/","title":{"rendered":"Cultural Adventures Spring Semester 2024"},"content":{"rendered":"<p><b>Current event:<\/b><b>\u00a0<\/b><\/p>\n<p><b>13 February 2024 - Moh\u00e1cs Bus\u00f3j\u00e1r\u00e1s<\/b><\/p>\n<p>The programme includes a bus trip to Moh\u00e1cs and the first of the cooling magnets to be collected during the semester. The visit of the Bus\u00f3 tour is independent, we will give you a preliminary recommendation for the programme.<\/p>\n<p><b>Gathering point: Knowledge Centre Car Park on 13 February 2024 at 12:15<\/b><\/p>\n<p>Return from Moh\u00e1cs at 18:30 Gather at the bus.<\/p>\n<p>Recommended programmes to see:<br \/>\n13:15 Arrival in Moh\u00e1cs<br \/>\n14.00 Gathering of the Buso groups at the Cola Square<br \/>\n14.30 Departure of bus groups to Sz\u00e9chenyi Square via the main street<br \/>\n16.00 Free carnival in the streets of the city<br \/>\n16.00 \"Buso\" and \"Sokacl\u00e1nybild\" on the steps of the Town Hall<br \/>\n16.30 Zora Dance Ensemble and dance performance with Istv\u00e1n Darazsacz at Sz\u00e9chenyi Square, accompanied by the Misija Tambura Orchestra<br \/>\n17.30 Bonfire and coffin burning with the Buso Club at Sz\u00e9chenyi Square<br \/>\n17.30 Dance with the Busos on Sz\u00e9chenyi Square<\/p>\n<p>The participation ticket provides the right to attend the above event for 1 person and to receive a commemorative item related to the event.  Please note that the ticket is non-refundable! When purchasing a PTE ticket, a PTE student ID or other proof of status is required upon entry.<\/p>\n<p>Participation fee for PTE students until 7 February at a special price of HUF 1500,-, after the special price period: HUF 2000,-<br \/>\nParticipation fee for non-PTE students limited number: 3500,- HUF.<\/p>\n<p><b>Cultural Adventures 2024 spring semester season ticket<\/b><\/p>\n<p>The pass includes:<br \/>\n13 February 2024 - Moh\u00e1cs Bus\u00f3j\u00e1r\u00e1s<br \/>\n8 March 2024 - Filmclub*<br \/>\n19 March 2024 - Wine tasting<br \/>\n23 April 2024 - Visit to Szigetv\u00e1r Castle<\/p>\n<p>The pass allows 1 person to attend the above events and receive a souvenir of the event.  Please note that the pass is non-refundable! When purchasing a PTE pass, you will be required to show a PTE student ID or other proof of status at the time of entry.<\/p>\n<p>*Film Club is a free event of this year's Cultural Adventures. Advance seating is available for season ticket holders before the free registration period!<\/p>","protected":false},"excerpt":{"rendered":"<p>Current event: 13 February 2024 - Moh\u00e1cs Bus Tour The programme includes a bus trip to Moh\u00e1cs and the first of the cooling magnets to be collected during the semester. The Bus\u00f3j\u00e1r\u00e1s is a self-guided tour, with a preliminary recommendation for the programme. Gathering. 13:15 Arrival in Moh\u00e1cs 14.00 Arrival at the...<\/p>","protected":false},"author":1,"featured_media":9162,"template":"","meta":{"_kad_blocks_custom_css":"","_kad_blocks_head_custom_js":"","_kad_blocks_body_custom_js":"","_kad_blocks_footer_custom_js":"","_kadence_starter_templates_imported_post":false,"_kad_post_transparent":"default","_kad_post_title":"","_kad_post_layout":"default","_kad_post_sidebar_id":"","_kad_post_content_style":"default","_kad_post_vertical_padding":"default","_kad_post_feature":"","_kad_post_feature_position":"","_kad_post_header":false,"_kad_post_footer":false},"product_brand":[],"product_cat":[32],"product_tag":[],"class_list":{"0":"post-9159","1":"product","2":"type-product","3":"status-publish","4":"has-post-thumbnail","6":"product_cat-rendezveny","8":"first","9":"outofstock","10":"taxable","11":"shipping-taxable","12":"product-type-variable","13":"entry","14":"content-bg","15":"loop-entry"},"taxonomy_info":{"product_cat":[{"value":32,"label":"Rendezv\u00e9ny"}]},"featured_image_src_large":["https:\/\/bulijegy.hu\/wp-content\/uploads\/2024\/02\/buso-01-1024x536.jpg",1024,536,true],"author_info":{"display_name":"vezerlo","author_link":"https:\/\/bulijegy.hu\/en\/author\/vezerlo\/"},"comment_info":"","_links":{"self":[{"href":"https:\/\/bulijegy.hu\/en\/wp-json\/wp\/v2\/product\/9159","targetHints":{"allow":["GET"]}}],"collection":[{"href":"https:\/\/bulijegy.hu\/en\/wp-json\/wp\/v2\/product"}],"about":[{"href":"https:\/\/bulijegy.hu\/en\/wp-json\/wp\/v2\/types\/product"}],"author":[{"embeddable":true,"href":"https:\/\/bulijegy.hu\/en\/wp-json\/wp\/v2\/users\/1"}],"wp:featuredmedia":[{"embeddable":true,"href":"https:\/\/bulijegy.hu\/en\/wp-json\/wp\/v2\/media\/9162"}],"wp:attachment":[{"href":"https:\/\/bulijegy.hu\/en\/wp-json\/wp\/v2\/media?parent=9159"}],"wp:term":[{"taxonomy":"product_brand","embeddable":true,"href":"https:\/\/bulijegy.hu\/en\/wp-json\/wp\/v2\/product_brand?post=9159"},{"taxonomy":"product_cat","embeddable":true,"href":"https:\/\/bulijegy.hu\/en\/wp-json\/wp\/v2\/product_cat?post=9159"},{"taxonomy":"product_tag","embeddable":true,"href":"https:\/\/bulijegy.hu\/en\/wp-json\/wp\/v2\/product_tag?post=9159"}],"curies":[{"name":"wp","href":"https:\/\/api.w.org\/{rel}","templated":true}]}}