{"id":3451,"date":"2023-10-08T19:53:20","date_gmt":"2023-10-08T17:53:20","guid":{"rendered":"https:\/\/bulijegy.hu\/?post_type=product&#038;p=3451"},"modified":"2023-11-10T18:48:09","modified_gmt":"2023-11-10T17:48:09","slug":"pte-golyabal-2023","status":"publish","type":"product","link":"https:\/\/bulijegy.hu\/en\/product\/pte-golyabal-2023\/","title":{"rendered":"PTE Freshmen's Ball 2023"},"content":{"rendered":"<div class=\"group w-full text-gray-800 dark:text-gray-100 border-b border-black\/10 dark:border-gray-900\/50 bg-gray-50 dark:bg-[#444654]\">\n<div class=\"text-base gap-4 md:gap-6 md:max-w-2xl lg:max-w-xl xl:max-w-3xl p-4 md:py-6 flex lg:px-0 m-auto\">\n<div class=\"relative flex w-[calc(100%-50px)] flex-col gap-1 md:gap-3 lg:w-[calc(100%-115px)]\">\n<div class=\"flex flex-grow flex-col gap-3\">\n<div class=\"min-h-[20px] flex flex-col items-start gap-4 whitespace-pre-wrap break-words\">\n<div class=\"markdown prose w-full break-words dark:prose-invert light\">\n<div class=\"x1tlxs6b x1g8br2z x1gn5b1j x230xth x14ctfv x1okitfd x6ikm8r x10wlt62 x1mzt3pk x1y1aw1k xn6708d xwib8y2 x1ye3gou x1n2onr6 x13faqbe x1vjfegm\" role=\"none\">\n<div class=\"x9f619 x1n2onr6 x1ja2u2z __fb-light-mode\" role=\"none\">\n<div class=\"x6prxxf x1fc57z9 x1yc453h x126k92a xzsf02u\" dir=\"auto\" role=\"none\">\n<p>Kedves R\u00e9sztvev\u0151k!<\/p>\n<p>Az online \u00e9rt\u00e9kes\u00edt\u00e9s lez\u00e1rult. A rendezv\u00e9ny helysz\u00edn\u00e9n tov\u00e1bbiakban is lehets\u00e9ges bel\u00e9p\u0151jegy v\u00e1s\u00e1rl\u00e1s\u00e1ra k\u00e9szp\u00e9nzzel \u00e9s bankk\u00e1rty\u00e1val.<\/p>\n<p><strong>Helysz\u00edni jegy\u00e1rak:<\/strong> PTE Helysz\u00edni 5.500,- Ft \/\/ K\u00fcls\u0151s Helysz\u00edni 6.500,- Ft \/\/ Bulijegy 1:00 ut\u00e1n csak a helysz\u00ednen egys\u00e9gesen 4.000,- Ft.<\/p>\n<hr \/>\n<p>\ud83e\udd41 Kedves PTE! El\u00e9rkezt\u00fcnk az \u0151szi f\u00e9l\u00e9v legjobban v\u00e1rt esem\u00e9ny\u00e9hez. J\u00f6n a G\u00d3LYAB\u00c1L! \ud83d\udc83<\/p>\n<p>\ud83d\udc65 Az idei \u00e9vben egy minden eddigin\u00e9l nagyszab\u00e1s\u00fabb G\u00f3lyab\u00e1l v\u00e1r r\u00e1nk, melyet k\u00f6z\u00f6sen szervez a PTE MIND A 10 kar\u00e1nak Hallgat\u00f3i \u00d6nkorm\u00e1nyzata. \ud83e\udd73<\/p>\n<p style=\"text-align: center;\"><strong>\u2757\ufe0f\u2757\ufe0f\u2757\ufe0fVan 5 okunk ami\u00e9rt szerint\u00fcnk \u00e9rdemes elj\u00f6nn\u00f6d: \u2757\ufe0f\u2757\ufe0f\u2757\ufe0f<\/strong><\/p>\n<ul>\n<li>\ud83e\udd29 A helysz\u00edn P\u00e9cs legnagyobb rendezv\u00e9nytere az Expo Center, ahol k\u00e9t terem k\u00f6z\u00fcl is v\u00e1laszthatsz, ha bulizni szeretn\u00e9l<\/li>\n<li>\ud83e\uddd8\u200d\u2642\ufe0fVel\u00fcnk lesz az orsz\u00e1g egyik legfelkapotabb el\u0151ad\u00f3ja T.Danny \u00e9s zenekara, hogy egy\u00fctt nyomjunk egy #YOGA-t\ud83e\uddd8\u200d\u2642\ufe0f<\/li>\n<li>\ud83e\udd40 olyatmondokmegintb\u00e9be \ud83e\udd40A 2023-as Budapest Ar\u00e9na fell\u00e9p\u00e9se el\u0151tt hozz\u00e1nk is beugrik az orsz\u00e1g egyik legsokoldal\u00fabb, legn\u00e9pszer\u0171bb el\u0151ad\u00f3ja, hogy zenekar\u00e1val egy\u00fctt robbants\u00e1k fel a g\u00f3lyab\u00e1l sz\u00ednpad\u00e1t: j\u00f6n ByeAlex \u00e9s a Slepp \ud83d\udda4<\/li>\n<li>\ud83c\udfa7 Nem egy, nem kett\u0151, de h\u00e1rom olyan DJ-t hozunk el nektek, akik garant\u00e1lj\u00e1k majd a kifullad\u00e1st \u00e9rkezik YAMINA, JAURI, valamint a g\u00f3lyab\u00e1l rezidens DJ-je SPANICS\ud83c\udfa7<\/li>\n<li>\ud83d\udc60Ha pedig felh\u00fazzuk a tipeg\u0151t meg a fekete lakkcip\u0151t akkor bizony meg is kell azt t\u00e1ncoltatni. Ehhez pedig egy igaz\u00e1n j\u00f3 b\u00e1li zenekar is duk\u00e1l. A talpal\u00e1val\u00f3 sl\u00e1gereket a Hoz\u2019N\u2019Trogers party band biztos\u00edtja. \ud83c\udfb7<\/li>\n<\/ul>\n<p style=\"text-align: center;\"><strong>\u2022 ONLINE JEGY\u00c1RAK \u2022<\/strong><\/p>\n<p style=\"text-align: center;\"><span style=\"text-decoration: underline;\"><em>P\u00e9csi Tudom\u00e1nyegyetem hallgat\u00f3i sz\u00e1m\u00e1ra<\/em><\/span><br \/>\nPTE Earlybird: 2.990 Ft \/\/ limit\u00e1lt<br \/>\nPTE G\u00f3lyajegy: 3.990 Ft \/\/ csak g\u00f3ly\u00e1knak<br \/>\nPTE Fels\u0151bb\u00e9ves: 4.490 Ft<\/p>\n<p style=\"text-align: center;\"><span style=\"text-decoration: underline;\"><em>K\u00fcls\u0151s, nem PTE hallgat\u00f3k sz\u00e1m\u00e1ra<br \/>\n<\/em><\/span>Early Bird: 4.490 Ft \/\/ limit\u00e1lt<br \/>\nEl\u0151v\u00e9teles: 5.490 Ft<\/p>\n<p style=\"text-align: left;\">Az el\u0151v\u00e9teles online jegy\u00e9rt\u00e9kes\u00edt\u00e9s az esem\u00e9ny napj\u00e1n, kapunyit\u00e1s el\u0151tt 1 \u00f3r\u00e1val z\u00e1rul.<\/p>\n<p style=\"text-align: left;\"><strong>Helysz\u00edni jegy\u00e1rak:<\/strong> PTE Helysz\u00edni 5.500,- Ft \/\/ K\u00fcls\u0151s Helysz\u00edni 6.500,- Ft \/\/ Bulijegy 1:00 ut\u00e1n csak a helysz\u00ednen egys\u00e9gesen 4.000,- Ft.<\/p>\n<p><img loading=\"lazy\" decoding=\"async\" class=\"alignnone size-full wp-image-3456 lazyload\" src=\"data:image\/gif;base64,R0lGODlhAQABAAAAACH5BAEKAAEALAAAAAABAAEAAAICTAEAOw==\" alt=\"\" width=\"1920\" height=\"1005\" sizes=\"auto, (max-width: 1920px) 100vw, 1920px\" data-src=\"https:\/\/bulijegy.hu\/wp-content\/uploads\/2023\/10\/384848786_1049855193099781_4866782557720318883_n.jpg\" data-srcset=\"https:\/\/bulijegy.hu\/wp-content\/uploads\/2023\/10\/384848786_1049855193099781_4866782557720318883_n.jpg 1920w, https:\/\/bulijegy.hu\/wp-content\/uploads\/2023\/10\/384848786_1049855193099781_4866782557720318883_n-300x157.jpg 300w, https:\/\/bulijegy.hu\/wp-content\/uploads\/2023\/10\/384848786_1049855193099781_4866782557720318883_n-1024x536.jpg 1024w, https:\/\/bulijegy.hu\/wp-content\/uploads\/2023\/10\/384848786_1049855193099781_4866782557720318883_n-768x402.jpg 768w, https:\/\/bulijegy.hu\/wp-content\/uploads\/2023\/10\/384848786_1049855193099781_4866782557720318883_n-1536x804.jpg 1536w, https:\/\/bulijegy.hu\/wp-content\/uploads\/2023\/10\/384848786_1049855193099781_4866782557720318883_n-18x9.jpg 18w, https:\/\/bulijegy.hu\/wp-content\/uploads\/2023\/10\/384848786_1049855193099781_4866782557720318883_n-700x366.jpg 700w\"><\/p>\n<p style=\"text-align: center;\"><strong>\u2022 PROGRAM \u2022<\/strong><br \/>\n<strong>Nagyterem \/\/ Zsolnay terem<\/strong><br \/>\n19:00 Kapunyit\u00e1s<br \/>\n20:00 K\u00f6sz\u00f6nt\u0151k, nyit\u00f3t\u00e1nc<br \/>\n21:00 T.Danny LIVE<br \/>\n22:30 ByeAlex \u00e9s a Slepp<br \/>\n00:00 Spanics<br \/>\n1:00 Yamina<br \/>\n2:00 Jauri<br \/>\n3:00 Spanics<br \/>\n<strong>Kisterem \/\/ Angster terem<\/strong><br \/>\n00:00 Hoz\u2019N\u2019Trogers Party Band<br \/>\n05:00 Kapuz\u00e1r\u00e1s<\/p>\n<p style=\"text-align: center;\"><strong>\u2139\ufe0f FONTOS INFORM\u00c1CI\u00d3 \u2139\ufe0f<\/strong><br \/>\nA helysz\u00ednen lesz lehet\u0151s\u00e9g \u00e9tel- \u00e9s italpult, valamint ruhat\u00e1r ig\u00e9nybev\u00e9tel\u00e9re!<br \/>\n\ud83d\udc83\ud83d\udd7a Dresscode: alkalomhoz ill\u0151, eleg\u00e1ns \u00f6lt\u00f6zet<\/p>\n<p style=\"text-align: right;\">\ud83c\udfa8 Grafika: Nagy Vivien @vivcsodesign<\/p>\n<\/div>\n<\/div>\n<\/div>\n<\/div>\n<\/div>\n<\/div>\n<\/div>\n<\/div>\n<\/div>\n","protected":false},"excerpt":{"rendered":"<p>Dear Participants! The online sale is now closed. It is still possible to buy tickets at the event venue by cash and credit card. On-site ticket prices. \ud83e\udd41 Dear PTE! We have arrived at the most awaited event of the autumn semester. GOLYABAL is coming! \ud83d\udc83 \ud83d\udc65 This year's...<\/p>","protected":false},"author":1,"featured_media":3455,"template":"","meta":{"_kad_blocks_custom_css":"","_kad_blocks_head_custom_js":"","_kad_blocks_body_custom_js":"","_kad_blocks_footer_custom_js":"","_kadence_starter_templates_imported_post":false,"_kad_post_transparent":"default","_kad_post_title":"","_kad_post_layout":"default","_kad_post_sidebar_id":"","_kad_post_content_style":"default","_kad_post_vertical_padding":"default","_kad_post_feature":"","_kad_post_feature_position":"","_kad_post_header":false,"_kad_post_footer":false},"product_brand":[],"product_cat":[23],"product_tag":[],"class_list":{"0":"post-3451","1":"product","2":"type-product","3":"status-publish","4":"has-post-thumbnail","6":"product_cat-koncert","8":"first","9":"outofstock","10":"taxable","11":"shipping-taxable","12":"purchasable","13":"product-type-variable","14":"entry","15":"content-bg","16":"loop-entry"},"taxonomy_info":{"product_cat":[{"value":23,"label":"Koncert"}]},"featured_image_src_large":["https:\/\/bulijegy.hu\/wp-content\/uploads\/2023\/10\/387525163_1576668969802536_7539346042086764794_n-576x1024.jpg",576,1024,true],"author_info":{"display_name":"vezerlo","author_link":"https:\/\/bulijegy.hu\/en\/author\/vezerlo\/"},"comment_info":"","_links":{"self":[{"href":"https:\/\/bulijegy.hu\/en\/wp-json\/wp\/v2\/product\/3451","targetHints":{"allow":["GET"]}}],"collection":[{"href":"https:\/\/bulijegy.hu\/en\/wp-json\/wp\/v2\/product"}],"about":[{"href":"https:\/\/bulijegy.hu\/en\/wp-json\/wp\/v2\/types\/product"}],"author":[{"embeddable":true,"href":"https:\/\/bulijegy.hu\/en\/wp-json\/wp\/v2\/users\/1"}],"wp:featuredmedia":[{"embeddable":true,"href":"https:\/\/bulijegy.hu\/en\/wp-json\/wp\/v2\/media\/3455"}],"wp:attachment":[{"href":"https:\/\/bulijegy.hu\/en\/wp-json\/wp\/v2\/media?parent=3451"}],"wp:term":[{"taxonomy":"product_brand","embeddable":true,"href":"https:\/\/bulijegy.hu\/en\/wp-json\/wp\/v2\/product_brand?post=3451"},{"taxonomy":"product_cat","embeddable":true,"href":"https:\/\/bulijegy.hu\/en\/wp-json\/wp\/v2\/product_cat?post=3451"},{"taxonomy":"product_tag","embeddable":true,"href":"https:\/\/bulijegy.hu\/en\/wp-json\/wp\/v2\/product_tag?post=3451"}],"curies":[{"name":"wp","href":"https:\/\/api.w.org\/{rel}","templated":true}]}}