{"id":1273,"date":"2023-04-27T12:36:32","date_gmt":"2023-04-27T11:36:32","guid":{"rendered":"https:\/\/bulijegy.hu\/?post_type=product&#038;p=1273"},"modified":"2023-10-10T19:13:15","modified_gmt":"2023-10-10T17:13:15","slug":"pte-majalis","status":"publish","type":"product","link":"https:\/\/bulijegy.hu\/en\/product\/pte-majalis\/","title":{"rendered":"PTE May Day"},"content":{"rendered":"<div class=\"group w-full text-gray-800 dark:text-gray-100 border-b border-black\/10 dark:border-gray-900\/50 bg-gray-50 dark:bg-[#444654]\">\n<div class=\"text-base gap-4 md:gap-6 md:max-w-2xl lg:max-w-xl xl:max-w-3xl p-4 md:py-6 flex lg:px-0 m-auto\">\n<div class=\"relative flex w-[calc(100%-50px)] flex-col gap-1 md:gap-3 lg:w-[calc(100%-115px)]\">\n<div class=\"flex flex-grow flex-col gap-3\">\n<div class=\"min-h-[20px] flex flex-col items-start gap-4 whitespace-pre-wrap break-words\">\n<div class=\"markdown prose w-full break-words dark:prose-invert light\">\n<div class=\"x1tlxs6b x1g8br2z x1gn5b1j x230xth x14ctfv x1okitfd x6ikm8r x10wlt62 x1mzt3pk x1y1aw1k xn6708d xwib8y2 x1ye3gou x1n2onr6 x13faqbe x1vjfegm\" role=\"none\">\n<div class=\"x9f619 x1n2onr6 x1ja2u2z __fb-light-mode\" role=\"none\">\n<div class=\"x6prxxf x1fc57z9 x1yc453h x126k92a xzsf02u\" dir=\"auto\" role=\"none\">\n<p style=\"text-align: center;\">Az online \u00e9rt\u00e9kes\u00edt\u00e9s lez\u00e1rult.<\/p>\n<p>Jegyv\u00e1s\u00e1rl\u00e1sra a helysz\u00ednen van lehet\u0151s\u00e9g.<\/p>\n<p><strong>Bulizzunk egy\u00fctt egy hatalmasat m\u00e1jus 10-\u00e9n P\u00e9csen a Szalay L\u00e1szl\u00f3 Koll\u00e9gium udvar\u00e1n! \ud83d\udd25<\/strong><\/p>\n<p><strong>Itt lesz vel\u00fcnk t\u00f6bbek k\u00f6z\u00f6tt KKevin, Pumped Gab\u00f3, illetve a BSW, akik az orsz\u00e1gban n\u00e1lunk l\u00e9pnek fel el\u0151sz\u00f6r egy \u00e9l\u0151 koncertshow keret\u00e9ben\ud83e\udd29<\/strong><\/p>\n<h2 style=\"text-align: left;\">\ud83c\udfb5 Line-up \ud83c\udfb5<\/h2>\n<p><strong>Kapunyit\u00e1s: 19.00<\/strong><\/p>\n<h4>\ud83d\udccd 1367 Sz\u00ednpad &#8211; Sportp\u00e1lya<\/h4>\n<p>19:00 spanics<br \/>\n20:00 KKevin<br \/>\n20:30 BSW live<\/p>\n<h4>\ud83d\udccd After &#8211; UNIV Klub<\/h4>\n<p>22:00 spanics<br \/>\n23:00 Joerjunior<br \/>\n00:00 Pumped Gab\u00f3<br \/>\n01:00 Ko\u00f3sz Mil\u00e1n<br \/>\n02:00 spanics<\/p>\n<h4>\ud83c\udf9f\ufe0f Jegy\u00e1rak:<\/h4>\n<p><span style=\"text-decoration: line-through;\">PTE Early Bird jegy korl\u00e1tozott sz\u00e1mban: 2000,- Ft<\/span> (elfogyott)<br \/>\nPTE El\u0151v\u00e9t\u00e9teles jegy: 2500,- Ft<br \/>\nEl\u0151v\u00e9teles jegy: 3500,- Ft<br \/>\nHelysz\u00edni jegy (koncert + buli): 4500,- Ft<br \/>\nHelysz\u00edni bulijegy (csak 22.00-t\u00f3l az UNIV Klubba) : 1500,- Ft<\/p>\n<p><strong>El\u0151v\u00e9teles v\u00e1s\u00e1rl\u00e1sra kiz\u00e1r\u00f3lag online, kapunyit\u00e1sig van lehet\u0151s\u00e9g! <\/strong>A rendezv\u00e9ny helysz\u00ednen jegyv\u00e1s\u00e1rl\u00e1sra bankk\u00e1rty\u00e1val \u00e9s k\u00e9szp\u00e9nzzel egyar\u00e1nt lehet\u0151s\u00e9get biztos\u00edtunk.<\/p>\n<p><strong>FONTOS!<\/strong> A rendezv\u00e9ny kezdet\u00e9n, a helysz\u00ednen kapj\u00e1tok k\u00e9zhez a karszalagot, amit a ki-, \u00e9s bel\u00e9p\u00e9skor ellen\u0151rizni fogunk. Amennyiben PTE-s jegyet v\u00e1s\u00e1rolsz, a bel\u00e9ptet\u00e9skor \u00e9rv\u00e9nyes di\u00e1kigazolv\u00e1nyt sz\u00fcks\u00e9ges felmutatnod! A 18. \u00e9let\u00e9v\u00fcket be nem t\u00f6lt\u00f6ttek alkoholtartalm\u00fa italokat nem v\u00e1s\u00e1rolhatnak, \u00e9s nem fogyaszthatnak a rendezv\u00e9nyen. \u00a0A 14. \u00e9let\u00e9v\u00fcket be nem t\u00f6lt\u00f6tt gyerekek csak \u00e9rv\u00e9nyes jeggyel rendelkez\u0151 feln\u0151tt k\u00eds\u00e9ret\u00e9ben vehetnek r\u00e9szt a programon. A 7. \u00e9let\u00e9v\u00fcket be nem t\u00f6lt\u00f6tt gyermekek sz\u00e1m\u00e1ra \u00e9rv\u00e9nyes jeggyel rendelkez\u0151 feln\u0151tt csal\u00e1dtag k\u00eds\u00e9ret\u00e9ben a rendezv\u00e9ny ingyenesen l\u00e1togathat\u00f3.<\/p>\n<\/div>\n<\/div>\n<\/div>\n<p><img loading=\"lazy\" decoding=\"async\" class=\"aligncenter wp-image-1282 size-full lazyload\" src=\"data:image\/gif;base64,R0lGODlhAQABAAAAACH5BAEKAAEALAAAAAABAAEAAAICTAEAOw==\" alt=\"\" width=\"2101\" height=\"350\" sizes=\"auto, (max-width: 2101px) 100vw, 2101px\" data-src=\"https:\/\/bulijegy.hu\/wp-content\/uploads\/2023\/04\/wider.png\" data-srcset=\"https:\/\/bulijegy.hu\/wp-content\/uploads\/2023\/04\/wider.png 2101w, https:\/\/bulijegy.hu\/wp-content\/uploads\/2023\/04\/wider-700x117.png 700w, https:\/\/bulijegy.hu\/wp-content\/uploads\/2023\/04\/wider-300x50.png 300w, https:\/\/bulijegy.hu\/wp-content\/uploads\/2023\/04\/wider-1024x171.png 1024w, https:\/\/bulijegy.hu\/wp-content\/uploads\/2023\/04\/wider-768x128.png 768w, https:\/\/bulijegy.hu\/wp-content\/uploads\/2023\/04\/wider-1536x256.png 1536w, https:\/\/bulijegy.hu\/wp-content\/uploads\/2023\/04\/wider-2048x341.png 2048w, https:\/\/bulijegy.hu\/wp-content\/uploads\/2023\/04\/wider-18x3.png 18w\"><\/p>\n<\/div>\n<\/div>\n<\/div>\n<\/div>\n<\/div>\n<\/div>\n","protected":false},"excerpt":{"rendered":"<p>Online sales are closed. Tickets can be purchased on site. Let's have a great party together on 10 May in the courtyard of the Szalay L\u00e1szl\u00f3 College in P\u00e9cs! \ud83d\udd25 KKevin, Pumped Gab\u00f3 and BSW will be with us, who will perform for the first time in the country in a live concert show\ud83e\udd29 \ud83c\udfb5 Line-up \ud83c\udfb5 Gate opening: 19.00 \ud83d\udccd 1367 Stage - Sportp\u00e1lya 19:00...<\/p>","protected":false},"author":1,"featured_media":1274,"template":"","meta":{"_kad_blocks_custom_css":"","_kad_blocks_head_custom_js":"","_kad_blocks_body_custom_js":"","_kad_blocks_footer_custom_js":"","_kadence_starter_templates_imported_post":false,"_kad_post_transparent":"default","_kad_post_title":"","_kad_post_layout":"default","_kad_post_sidebar_id":"","_kad_post_content_style":"default","_kad_post_vertical_padding":"default","_kad_post_feature":"","_kad_post_feature_position":"","_kad_post_header":false,"_kad_post_footer":false},"product_brand":[],"product_cat":[23],"product_tag":[],"class_list":{"0":"post-1273","1":"product","2":"type-product","3":"status-publish","4":"has-post-thumbnail","6":"product_cat-koncert","8":"first","9":"outofstock","10":"taxable","11":"shipping-taxable","12":"product-type-variable","13":"entry","14":"content-bg","15":"loop-entry"},"taxonomy_info":{"product_cat":[{"value":23,"label":"Koncert"}]},"featured_image_src_large":["https:\/\/bulijegy.hu\/wp-content\/uploads\/2023\/04\/static-mosd-02-1024x536.jpg",1024,536,true],"author_info":{"display_name":"vezerlo","author_link":"https:\/\/bulijegy.hu\/en\/author\/vezerlo\/"},"comment_info":"","_links":{"self":[{"href":"https:\/\/bulijegy.hu\/en\/wp-json\/wp\/v2\/product\/1273","targetHints":{"allow":["GET"]}}],"collection":[{"href":"https:\/\/bulijegy.hu\/en\/wp-json\/wp\/v2\/product"}],"about":[{"href":"https:\/\/bulijegy.hu\/en\/wp-json\/wp\/v2\/types\/product"}],"author":[{"embeddable":true,"href":"https:\/\/bulijegy.hu\/en\/wp-json\/wp\/v2\/users\/1"}],"wp:featuredmedia":[{"embeddable":true,"href":"https:\/\/bulijegy.hu\/en\/wp-json\/wp\/v2\/media\/1274"}],"wp:attachment":[{"href":"https:\/\/bulijegy.hu\/en\/wp-json\/wp\/v2\/media?parent=1273"}],"wp:term":[{"taxonomy":"product_brand","embeddable":true,"href":"https:\/\/bulijegy.hu\/en\/wp-json\/wp\/v2\/product_brand?post=1273"},{"taxonomy":"product_cat","embeddable":true,"href":"https:\/\/bulijegy.hu\/en\/wp-json\/wp\/v2\/product_cat?post=1273"},{"taxonomy":"product_tag","embeddable":true,"href":"https:\/\/bulijegy.hu\/en\/wp-json\/wp\/v2\/product_tag?post=1273"}],"curies":[{"name":"wp","href":"https:\/\/api.w.org\/{rel}","templated":true}]}}