{"id":31009,"date":"2025-08-31T23:31:19","date_gmt":"2025-08-31T21:31:19","guid":{"rendered":"https:\/\/bulijegy.hu\/?page_id=31009"},"modified":"2025-08-31T23:44:59","modified_gmt":"2025-08-31T21:44:59","slug":"hazirend","status":"publish","type":"page","link":"https:\/\/bulijegy.hu\/en\/hazirend\/","title":{"rendered":"House rules"},"content":{"rendered":"<style>.wp-block-kadence-advancedheading.kt-adv-heading31009_16545e-ff, .wp-block-kadence-advancedheading.kt-adv-heading31009_16545e-ff[data-kb-block=\"kb-adv-heading31009_16545e-ff\"]{font-style:normal;}.wp-block-kadence-advancedheading.kt-adv-heading31009_16545e-ff mark.kt-highlight, .wp-block-kadence-advancedheading.kt-adv-heading31009_16545e-ff[data-kb-block=\"kb-adv-heading31009_16545e-ff\"] mark.kt-highlight{font-style:normal;color:#f76a0c;-webkit-box-decoration-break:clone;box-decoration-break:clone;padding-top:0px;padding-right:0px;padding-bottom:0px;padding-left:0px;}.wp-block-kadence-advancedheading.kt-adv-heading31009_16545e-ff img.kb-inline-image, .wp-block-kadence-advancedheading.kt-adv-heading31009_16545e-ff[data-kb-block=\"kb-adv-heading31009_16545e-ff\"] img.kb-inline-image{width:150px;vertical-align:baseline;}<\/style>\n<h2 class=\"kt-adv-heading31009_16545e-ff wp-block-kadence-advancedheading\" data-kb-block=\"kb-adv-heading31009_16545e-ff\">Kedves R\u00e9sztvev\u0151nk!<\/h2>\n\n\n\n<p>A bel\u00e9p\u0151jegy megv\u00e1s\u00e1rl\u00e1sa \u2013 amennyiben az adott rendezv\u00e9ny oldal\u00e1n m\u00e1s rendelkez\u00e9s nincs \u2013 csak akkor jogos\u00edt bel\u00e9p\u00e9sre, ha elfogadod a h\u00e1zirendet, \u00e9s tudom\u00e1sul veszed, hogy annak betart\u00e1s\u00e1t a rendez\u0151k szigor\u00faan ellen\u0151rzik.<\/p>\n\n\n<style>.wp-block-kadence-advancedheading.kt-adv-heading31009_e7962c-0e, .wp-block-kadence-advancedheading.kt-adv-heading31009_e7962c-0e[data-kb-block=\"kb-adv-heading31009_e7962c-0e\"]{font-style:normal;}.wp-block-kadence-advancedheading.kt-adv-heading31009_e7962c-0e mark.kt-highlight, .wp-block-kadence-advancedheading.kt-adv-heading31009_e7962c-0e[data-kb-block=\"kb-adv-heading31009_e7962c-0e\"] mark.kt-highlight{font-style:normal;color:#f76a0c;-webkit-box-decoration-break:clone;box-decoration-break:clone;padding-top:0px;padding-right:0px;padding-bottom:0px;padding-left:0px;}.wp-block-kadence-advancedheading.kt-adv-heading31009_e7962c-0e img.kb-inline-image, .wp-block-kadence-advancedheading.kt-adv-heading31009_e7962c-0e[data-kb-block=\"kb-adv-heading31009_e7962c-0e\"] img.kb-inline-image{width:150px;vertical-align:baseline;}<\/style>\n<h2 class=\"kt-adv-heading31009_e7962c-0e wp-block-kadence-advancedheading\" data-kb-block=\"kb-adv-heading31009_e7962c-0e\">Bel\u00e9p\u00e9s<\/h2>\n\n\n\n<p>A rendezv\u00e9nyre a megv\u00e1ltott jegy \u00e9rv\u00e9nyess\u00e9gi ideje \u00e9s felt\u00e9telei szerint lehet bel\u00e9pni. Az el\u0151v\u00e9telben v\u00e1s\u00e1rolt jegyeket bel\u00e9p\u00e9skor karszalagra cser\u00e9lj\u00fck. A karszalagot (napijegy, b\u00e9rlet stb.) \u00e9rv\u00e9nyess\u00e9ge alatt v\u00e9gig a csukl\u00f3don kell viselned. A rendez\u0151k a karszalagot ki- \u00e9s bel\u00e9p\u00e9skor, valamint a rendezv\u00e9ny ter\u00fclet\u00e9n folyamatosan ellen\u0151rzik.<\/p>\n\n\n<style>.wp-block-kadence-advancedheading.kt-adv-heading31009_28a7c6-52, .wp-block-kadence-advancedheading.kt-adv-heading31009_28a7c6-52[data-kb-block=\"kb-adv-heading31009_28a7c6-52\"]{font-style:normal;}.wp-block-kadence-advancedheading.kt-adv-heading31009_28a7c6-52 mark.kt-highlight, .wp-block-kadence-advancedheading.kt-adv-heading31009_28a7c6-52[data-kb-block=\"kb-adv-heading31009_28a7c6-52\"] mark.kt-highlight{font-style:normal;color:#f76a0c;-webkit-box-decoration-break:clone;box-decoration-break:clone;padding-top:0px;padding-right:0px;padding-bottom:0px;padding-left:0px;}.wp-block-kadence-advancedheading.kt-adv-heading31009_28a7c6-52 img.kb-inline-image, .wp-block-kadence-advancedheading.kt-adv-heading31009_28a7c6-52[data-kb-block=\"kb-adv-heading31009_28a7c6-52\"] img.kb-inline-image{width:150px;vertical-align:baseline;}<\/style>\n<h2 class=\"kt-adv-heading31009_28a7c6-52 wp-block-kadence-advancedheading\" data-kb-block=\"kb-adv-heading31009_28a7c6-52\">Jegyek \u00e9s karszalagok<\/h2>\n\n\n\n<ul class=\"wp-block-list\">\n<li>A napijegy az adott nap programjaira \u00e9rv\u00e9nyes, kapunyit\u00e1st\u00f3l a programok z\u00e1r\u00e1s\u00e1ig. Ezut\u00e1n a rendezv\u00e9ny ter\u00fclet\u00e9t el kell hagyni.<\/li>\n\n\n\n<li>A b\u00e9rlet t\u00f6bbnapos rendezv\u00e9ny eset\u00e9n a teljes id\u0151tartamra sz\u00f3l, azonban \u2013 hacsak nincs k\u00fcl\u00f6n sz\u00e1ll\u00e1sbiztos\u00edt\u00e1s \u2013 minden nap a programok v\u00e9gezt\u00e9vel a rendezv\u00e9ny ter\u00fclet\u00e9t el kell hagyni.<\/li>\n\n\n\n<li>\u00c9rv\u00e9nytelen karszalaggal a rendezv\u00e9ny elhagy\u00e1sa k\u00f6telez\u0151.<\/li>\n\n\n\n<li>A felhaszn\u00e1lt bel\u00e9p\u0151jegy, illetve a felhelyezett karszalag nem \u00e1truh\u00e1zhat\u00f3. Csak a k\u00e9zen viselt karszalag sz\u00e1m\u00edt \u00e9rv\u00e9nyesnek.<\/li>\n\n\n\n<li>S\u00e9r\u00fclt, \u00e1tragasztott, elv\u00e1gott, k\u00e9zfejn\u00e9l nagyobb \u00e1tm\u00e9r\u0151j\u0171 karszalag \u00e9rv\u00e9nytelen.<\/li>\n\n\n\n<li>A jegyhamis\u00edt\u00f3k \u00e9s k\u00f6zrem\u0171k\u00f6d\u0151ik ellen jogi elj\u00e1r\u00e1s indul.<\/li>\n\n\n\n<li>Elveszett vagy elt\u00e1vol\u00edtott karszalagot nem cser\u00e9l\u00fcnk.<\/li>\n\n\n\n<li>Telt h\u00e1z eset\u00e9n nem \u00e1rus\u00edtunk helysz\u00edni jegyet. A megv\u00e1s\u00e1rolt jegyek nem visszav\u00e1lthat\u00f3k.<\/li>\n<\/ul>\n\n\n<style>.wp-block-kadence-advancedheading.kt-adv-heading31009_6cd283-a5, .wp-block-kadence-advancedheading.kt-adv-heading31009_6cd283-a5[data-kb-block=\"kb-adv-heading31009_6cd283-a5\"]{font-style:normal;}.wp-block-kadence-advancedheading.kt-adv-heading31009_6cd283-a5 mark.kt-highlight, .wp-block-kadence-advancedheading.kt-adv-heading31009_6cd283-a5[data-kb-block=\"kb-adv-heading31009_6cd283-a5\"] mark.kt-highlight{font-style:normal;color:#f76a0c;-webkit-box-decoration-break:clone;box-decoration-break:clone;padding-top:0px;padding-right:0px;padding-bottom:0px;padding-left:0px;}.wp-block-kadence-advancedheading.kt-adv-heading31009_6cd283-a5 img.kb-inline-image, .wp-block-kadence-advancedheading.kt-adv-heading31009_6cd283-a5[data-kb-block=\"kb-adv-heading31009_6cd283-a5\"] img.kb-inline-image{width:150px;vertical-align:baseline;}<\/style>\n<h2 class=\"kt-adv-heading31009_6cd283-a5 wp-block-kadence-advancedheading\" data-kb-block=\"kb-adv-heading31009_6cd283-a5\">Biztons\u00e1gi szab\u00e1lyok<\/h2>\n\n\n\n<p>A rendezv\u00e9ny ter\u00fclet\u00e9re tilos bevinni:<\/p>\n\n\n\n<ul class=\"wp-block-list\">\n<li>\u00fcvegt\u00e1rgyat, \u00fct\u0151- vagy v\u00e1g\u00f3eszk\u00f6zt, illetve b\u00e1rmilyen vesz\u00e9lyes t\u00e1rgyat,<\/li>\n\n\n\n<li>k\u00f6zbiztons\u00e1gra k\u00fcl\u00f6n\u00f6sen vesz\u00e9lyes eszk\u00f6zt (pl. 8 cm-n\u00e9l nagyobb peng\u00e9j\u0171 k\u00e9s, rug\u00f3sk\u00e9s, g\u00e1zspray, \u00f3lmosbot),<\/li>\n\n\n\n<li>eserny\u0151t (es\u0151kab\u00e1tot hozhatsz), kalap\u00e1csot, g\u00e1zpalackos meleg\u00edt\u0151t.<\/li>\n<\/ul>\n\n\n\n<p>A rendezv\u00e9ny ter\u00fclet\u00e9n t\u0171zgy\u00fajt\u00e1si tilalom van \u00e9rv\u00e9nyben.<\/p>\n\n\n<style>.wp-block-kadence-advancedheading.kt-adv-heading31009_650f47-77, .wp-block-kadence-advancedheading.kt-adv-heading31009_650f47-77[data-kb-block=\"kb-adv-heading31009_650f47-77\"]{font-style:normal;}.wp-block-kadence-advancedheading.kt-adv-heading31009_650f47-77 mark.kt-highlight, .wp-block-kadence-advancedheading.kt-adv-heading31009_650f47-77[data-kb-block=\"kb-adv-heading31009_650f47-77\"] mark.kt-highlight{font-style:normal;color:#f76a0c;-webkit-box-decoration-break:clone;box-decoration-break:clone;padding-top:0px;padding-right:0px;padding-bottom:0px;padding-left:0px;}.wp-block-kadence-advancedheading.kt-adv-heading31009_650f47-77 img.kb-inline-image, .wp-block-kadence-advancedheading.kt-adv-heading31009_650f47-77[data-kb-block=\"kb-adv-heading31009_650f47-77\"] img.kb-inline-image{width:150px;vertical-align:baseline;}<\/style>\n<h2 class=\"kt-adv-heading31009_650f47-77 wp-block-kadence-advancedheading\" data-kb-block=\"kb-adv-heading31009_650f47-77\">18 \u00e9v alattiak, gyermekek bel\u00e9p\u00e9se<\/h2>\n\n\n\n<ul class=\"wp-block-list\">\n<li>A rendezv\u00e9ny minden koroszt\u00e1ly sz\u00e1m\u00e1ra l\u00e1togathat\u00f3, ugyanakkor jelezni szeretn\u00e9nk, hogy a rendezv\u00e9nyeink &#8211; amennyiben ez k\u00fcl\u00f6n nincs jelezve &#8211; a 18. \u00e9let\u00e9v\u00fcket bet\u00f6lt\u00f6tt vagy ann\u00e1l id\u0151sebb koroszt\u00e1ly sz\u00e1m\u00e1ra \u00f6ssze\u00e1ll\u00edtott fell\u00e9p\u0151 list\u00e1val ker\u00fclt meghirdet\u00e9sre.<\/li>\n\n\n\n<li>14 \u00e9v alatt a r\u00e9szv\u00e9tel csak \u00e9rv\u00e9nyes jeggyel rendelkez\u0151 feln\u0151tt k\u00eds\u00e9ret\u00e9ben lehets\u00e9ges.<\/li>\n\n\n\n<li>7 \u00e9v alatt a r\u00e9szv\u00e9tel ingyenes, \u00e9rv\u00e9nyes jeggyel rendelkez\u0151 feln\u0151tt csal\u00e1dtag k\u00eds\u00e9ret\u00e9ben.<\/li>\n<\/ul>\n\n\n<style>.wp-block-kadence-advancedheading.kt-adv-heading31009_0fac97-a1, .wp-block-kadence-advancedheading.kt-adv-heading31009_0fac97-a1[data-kb-block=\"kb-adv-heading31009_0fac97-a1\"]{font-style:normal;}.wp-block-kadence-advancedheading.kt-adv-heading31009_0fac97-a1 mark.kt-highlight, .wp-block-kadence-advancedheading.kt-adv-heading31009_0fac97-a1[data-kb-block=\"kb-adv-heading31009_0fac97-a1\"] mark.kt-highlight{font-style:normal;color:#f76a0c;-webkit-box-decoration-break:clone;box-decoration-break:clone;padding-top:0px;padding-right:0px;padding-bottom:0px;padding-left:0px;}.wp-block-kadence-advancedheading.kt-adv-heading31009_0fac97-a1 img.kb-inline-image, .wp-block-kadence-advancedheading.kt-adv-heading31009_0fac97-a1[data-kb-block=\"kb-adv-heading31009_0fac97-a1\"] img.kb-inline-image{width:150px;vertical-align:baseline;}<\/style>\n<h2 class=\"kt-adv-heading31009_0fac97-a1 wp-block-kadence-advancedheading\" data-kb-block=\"kb-adv-heading31009_0fac97-a1\">Mit hozhatsz be?<\/h2>\n\n\n\n<ul class=\"wp-block-list\">\n<li>Alkoholos ital \u00e9s \u00fcd\u00edt\u0151 nem vihet\u0151 be.<\/li>\n\n\n\n<li>Szabadt\u00e9ri rendezv\u00e9ny eset\u00e9n bontatlan \u00e1sv\u00e1nyv\u00edz: szem\u00e9lyenk\u00e9nt legfeljebb 1 db, max. 1,5 literes m\u0171anyag palackban.<\/li>\n\n\n\n<li>\u00c9lelmiszer: csak nem kereskedelmi mennyis\u00e9gben.<\/li>\n<\/ul>\n\n\n\n<p>Minden behozott term\u00e9ket a biztons\u00e1gi szolg\u00e1lat ellen\u0151rizhet.<\/p>\n\n\n<style>.wp-block-kadence-advancedheading.kt-adv-heading31009_f02864-e4, .wp-block-kadence-advancedheading.kt-adv-heading31009_f02864-e4[data-kb-block=\"kb-adv-heading31009_f02864-e4\"]{font-style:normal;}.wp-block-kadence-advancedheading.kt-adv-heading31009_f02864-e4 mark.kt-highlight, .wp-block-kadence-advancedheading.kt-adv-heading31009_f02864-e4[data-kb-block=\"kb-adv-heading31009_f02864-e4\"] mark.kt-highlight{font-style:normal;color:#f76a0c;-webkit-box-decoration-break:clone;box-decoration-break:clone;padding-top:0px;padding-right:0px;padding-bottom:0px;padding-left:0px;}.wp-block-kadence-advancedheading.kt-adv-heading31009_f02864-e4 img.kb-inline-image, .wp-block-kadence-advancedheading.kt-adv-heading31009_f02864-e4[data-kb-block=\"kb-adv-heading31009_f02864-e4\"] img.kb-inline-image{width:150px;vertical-align:baseline;}<\/style>\n<h2 class=\"kt-adv-heading31009_f02864-e4 wp-block-kadence-advancedheading\" data-kb-block=\"kb-adv-heading31009_f02864-e4\">H\u00e1zi kedvencek<\/h2>\n\n\n\n<ul class=\"wp-block-list\">\n<li>Szabadt\u00e9ri rendezv\u00e9nyre kiz\u00e1r\u00f3lag p\u00f3r\u00e1zon vezetett, sz\u00e1jkos\u00e1rral ell\u00e1tott h\u00e1zi kedvenc vihet\u0151 be, de ink\u00e1bb javasoljuk otthon hagyni \u0151ket. Z\u00e1rt t\u00e9rbe csak vakvezet\u0151 vagy seg\u00edt\u0151 kutya l\u00e9phet be.<\/li>\n\n\n\n<li>Bel\u00e9ptet\u00e9s felt\u00e9tele: \u00e9rv\u00e9nyes olt\u00e1si igazolv\u00e1ny, legfeljebb egy\u00e9ves veszetts\u00e9g elleni olt\u00e1s, p\u00f3r\u00e1z, nyak\u00f6rv, sz\u00e1jkos\u00e1r \u00e9s bil\u00e9ta a gazda telefonsz\u00e1m\u00e1val.<\/li>\n\n\n\n<li>A gazda k\u00f6teles higi\u00e9nikus \u00e9s biztons\u00e1gos k\u00f6r\u00fclm\u00e9nyek k\u00f6z\u00f6tt tartani az \u00e1llatot, kutya \u00e9s vad\u00e1szg\u00f6r\u00e9ny eset\u00e9n v\u00e9gig p\u00f3r\u00e1zon \u00e9s sz\u00e1jkos\u00e1rral.<\/li>\n\n\n\n<li>A szervez\u0151k fenntartj\u00e1k a jogot, hogy egyes \u00e1llatok bel\u00e9ptet\u00e9s\u00e9t megtagadj\u00e1k.<\/li>\n<\/ul>\n\n\n<style>.wp-block-kadence-advancedheading.kt-adv-heading31009_3940ad-3f, .wp-block-kadence-advancedheading.kt-adv-heading31009_3940ad-3f[data-kb-block=\"kb-adv-heading31009_3940ad-3f\"]{font-style:normal;}.wp-block-kadence-advancedheading.kt-adv-heading31009_3940ad-3f mark.kt-highlight, .wp-block-kadence-advancedheading.kt-adv-heading31009_3940ad-3f[data-kb-block=\"kb-adv-heading31009_3940ad-3f\"] mark.kt-highlight{font-style:normal;color:#f76a0c;-webkit-box-decoration-break:clone;box-decoration-break:clone;padding-top:0px;padding-right:0px;padding-bottom:0px;padding-left:0px;}.wp-block-kadence-advancedheading.kt-adv-heading31009_3940ad-3f img.kb-inline-image, .wp-block-kadence-advancedheading.kt-adv-heading31009_3940ad-3f[data-kb-block=\"kb-adv-heading31009_3940ad-3f\"] img.kb-inline-image{width:150px;vertical-align:baseline;}<\/style>\n<h2 class=\"kt-adv-heading31009_3940ad-3f wp-block-kadence-advancedheading\" data-kb-block=\"kb-adv-heading31009_3940ad-3f\">Egy\u00e9b fontos tudnival\u00f3k<\/h2>\n\n\n\n<ul class=\"wp-block-list\">\n<li>A rendezv\u00e9nyr\u0151l k\u00e9p- \u00e9s hangfelv\u00e9tel k\u00e9sz\u00fclhet. A r\u00e9sztvev\u0151k neves\u00edt\u00e9se csak beleegyez\u00e9ssel t\u00f6rt\u00e9nhet, k\u00f6vetel\u00e9st nem t\u00e1maszthatnak.<\/li>\n\n\n\n<li>F\u00e9nyk\u00e9pezni szabad, de koncertekr\u0151l, programokr\u00f3l felv\u00e9tel csak a szervez\u0151k \u00edr\u00e1sos enged\u00e9ly\u00e9vel k\u00e9sz\u00edthet\u0151.<\/li>\n\n\n\n<li>A rendezv\u00e9ny ter\u00fclet\u00e9n a szervez\u0151k enged\u00e9lye n\u00e9lk\u00fcl tilos b\u00e1rmilyen kereskedelmi vagy rekl\u00e1mtev\u00e9kenys\u00e9g.<\/li>\n\n\n\n<li>B\u00fcf\u00e9ben szeszes itallal 18 \u00e9ven aluliakat \u00e9s ittas szem\u00e9lyeket nem szolg\u00e1lunk ki.<\/li>\n\n\n\n<li>K\u00e1b\u00edt\u00f3szer fogyaszt\u00e1sa tilos.<\/li>\n\n\n\n<li>Vigy\u00e1zzatok a term\u00e9szeti \u00e9rt\u00e9kekre, ne szemeteljetek!<\/li>\n\n\n\n<li>A szervez\u0151k nem v\u00e1llalnak felel\u0151ss\u00e9get a szem\u00e9lyi s\u00e9r\u00fcl\u00e9s\u00e9rt vagy anyagi k\u00e1rok\u00e9rt.<\/li>\n\n\n\n<li>Tal\u00e1lt t\u00e1rgyakat a bel\u00e9ptet\u0151 kapun\u00e1l kell leadni \u00e9s ott kereshet\u0151k.<\/li>\n\n\n\n<li>A rendezv\u00e9nyt rossz id\u0151 eset\u00e9n is megtartjuk.<\/li>\n\n\n\n<li>A m\u0171sorv\u00e1ltoztat\u00e1s jog\u00e1t fenntartjuk.<\/li>\n<\/ul>\n\n\n\n<p><strong>K\u00e9rj\u00fck, vigy\u00e1zzatok magatokra \u00e9s egym\u00e1sra! J\u00f3 sz\u00f3rakoz\u00e1st k\u00edv\u00e1nunk!<\/strong><\/p>\n","protected":false},"excerpt":{"rendered":"<p>Dear Participant! Unless otherwise stated on the event page, the purchase of an admission ticket only entitles you to entry if you accept the rules of the event and acknowledge that compliance with them will be strictly monitored by the organisers. Entry Entry to the event is subject to the validity period and conditions of the ticket purchased. Tickets purchased in advance will be exchanged for wristbands on entry. The wristband...<\/p>","protected":false},"author":4,"featured_media":0,"parent":0,"menu_order":0,"comment_status":"closed","ping_status":"closed","template":"","meta":{"_kad_blocks_custom_css":"","_kad_blocks_head_custom_js":"","_kad_blocks_body_custom_js":"","_kad_blocks_footer_custom_js":"","_kadence_starter_templates_imported_post":false,"_kad_post_transparent":"","_kad_post_title":"","_kad_post_layout":"","_kad_post_sidebar_id":"","_kad_post_content_style":"","_kad_post_vertical_padding":"","_kad_post_feature":"","_kad_post_feature_position":"","_kad_post_header":false,"_kad_post_footer":false,"footnotes":""},"class_list":["post-31009","page","type-page","status-publish","hentry"],"taxonomy_info":[],"featured_image_src_large":false,"author_info":{"display_name":"Kis Pipacs","author_link":"https:\/\/bulijegy.hu\/en\/author\/kispipacs\/"},"comment_info":0,"_links":{"self":[{"href":"https:\/\/bulijegy.hu\/en\/wp-json\/wp\/v2\/pages\/31009","targetHints":{"allow":["GET"]}}],"collection":[{"href":"https:\/\/bulijegy.hu\/en\/wp-json\/wp\/v2\/pages"}],"about":[{"href":"https:\/\/bulijegy.hu\/en\/wp-json\/wp\/v2\/types\/page"}],"author":[{"embeddable":true,"href":"https:\/\/bulijegy.hu\/en\/wp-json\/wp\/v2\/users\/4"}],"replies":[{"embeddable":true,"href":"https:\/\/bulijegy.hu\/en\/wp-json\/wp\/v2\/comments?post=31009"}],"version-history":[{"count":0,"href":"https:\/\/bulijegy.hu\/en\/wp-json\/wp\/v2\/pages\/31009\/revisions"}],"wp:attachment":[{"href":"https:\/\/bulijegy.hu\/en\/wp-json\/wp\/v2\/media?parent=31009"}],"curies":[{"name":"wp","href":"https:\/\/api.w.org\/{rel}","templated":true}]}}