{"id":1142,"date":"2020-12-02T21:22:44","date_gmt":"2020-12-02T21:22:44","guid":{"rendered":"https:\/\/startertemplatecloud.com\/g02\/?page_id=1142"},"modified":"2025-11-03T21:41:21","modified_gmt":"2025-11-03T20:41:21","slug":"kapcsolat","status":"publish","type":"page","link":"https:\/\/bulijegy.hu\/en\/kapcsolat\/","title":{"rendered":"Contact"},"content":{"rendered":"<style>.kb-row-layout-id1142_94272e-6c > .kt-row-column-wrap{align-content:end;}:where(.kb-row-layout-id1142_94272e-6c > .kt-row-column-wrap) > .wp-block-kadence-column{justify-content:end;}.kb-row-layout-id1142_94272e-6c > .kt-row-column-wrap{column-gap:var(--global-kb-gap-md, 2rem);row-gap:var(--global-kb-gap-md, 2rem);max-width:var( --global-content-width, 1200px );padding-left:var(--global-content-edge-padding);padding-right:var(--global-content-edge-padding);padding-top:150px;padding-bottom:25px;min-height:400px;grid-template-columns:repeat(2, minmax(0, 1fr));}.kb-row-layout-id1142_94272e-6c{background-image:url('https:\/\/bulijegy.hu\/wp-content\/uploads\/2020\/10\/christopher-burns-BdVQU-NDtA8-unsplash.jpg');background-size:cover;background-position:center center;background-attachment:scroll;background-repeat:no-repeat;}.kb-row-layout-id1142_94272e-6c > .kt-row-layout-overlay{opacity:0.70;background-color:var(--global-palette2, #2B6CB0);}@media all and (max-width: 1024px){.kb-row-layout-id1142_94272e-6c > .kt-row-column-wrap{grid-template-columns:repeat(2, minmax(0, 1fr));}}@media all and (max-width: 767px){.kb-row-layout-id1142_94272e-6c > .kt-row-column-wrap{min-height:200px;grid-template-columns:minmax(0, 1fr);}}<\/style><div class=\"kb-row-layout-wrap kb-row-layout-id1142_94272e-6c alignnone kt-row-has-bg wp-block-kadence-rowlayout\"><div class=\"kt-row-layout-overlay kt-row-overlay-normal\"><\/div><div class=\"kt-row-column-wrap kt-has-2-columns kt-row-layout-equal kt-tab-layout-inherit kt-mobile-layout-row kt-row-valign-bottom kb-theme-content-width\">\n<style>.kadence-column1142_ec5e9d-d1 > .kt-inside-inner-col,.kadence-column1142_ec5e9d-d1 > .kt-inside-inner-col:before{border-top-left-radius:0px;border-top-right-radius:0px;border-bottom-right-radius:0px;border-bottom-left-radius:0px;}.kadence-column1142_ec5e9d-d1 > .kt-inside-inner-col{column-gap:var(--global-kb-gap-sm, 1rem);}.kadence-column1142_ec5e9d-d1 > .kt-inside-inner-col{flex-direction:column;}.kadence-column1142_ec5e9d-d1 > .kt-inside-inner-col > .aligncenter{width:100%;}.kadence-column1142_ec5e9d-d1 > .kt-inside-inner-col:before{opacity:0.3;}.kadence-column1142_ec5e9d-d1{position:relative;}@media all and (max-width: 1024px){.kadence-column1142_ec5e9d-d1 > .kt-inside-inner-col{flex-direction:column;justify-content:center;}}@media all and (max-width: 767px){.kadence-column1142_ec5e9d-d1 > .kt-inside-inner-col{flex-direction:column;justify-content:center;}}<\/style>\n<div class=\"wp-block-kadence-column kadence-column1142_ec5e9d-d1 inner-column-1\"><div class=\"kt-inside-inner-col\"><style>.wp-block-kadence-advancedheading.kt-adv-heading1142_90d61e-16, .wp-block-kadence-advancedheading.kt-adv-heading1142_90d61e-16[data-kb-block=\"kb-adv-heading1142_90d61e-16\"]{font-size:60px;font-weight:normal;font-style:normal;color:#ffffff;}.wp-block-kadence-advancedheading.kt-adv-heading1142_90d61e-16 mark.kt-highlight, .wp-block-kadence-advancedheading.kt-adv-heading1142_90d61e-16[data-kb-block=\"kb-adv-heading1142_90d61e-16\"] mark.kt-highlight{font-weight:normal;font-style:normal;color:#f76a0c;-webkit-box-decoration-break:clone;box-decoration-break:clone;padding-top:0px;padding-right:0px;padding-bottom:0px;padding-left:0px;}.wp-block-kadence-advancedheading.kt-adv-heading1142_90d61e-16 img.kb-inline-image, .wp-block-kadence-advancedheading.kt-adv-heading1142_90d61e-16[data-kb-block=\"kb-adv-heading1142_90d61e-16\"] img.kb-inline-image{width:150px;vertical-align:baseline;}@media all and (max-width: 1024px){.wp-block-kadence-advancedheading.kt-adv-heading1142_90d61e-16, .wp-block-kadence-advancedheading.kt-adv-heading1142_90d61e-16[data-kb-block=\"kb-adv-heading1142_90d61e-16\"]{font-size:50px;}}@media all and (max-width: 767px){.wp-block-kadence-advancedheading.kt-adv-heading1142_90d61e-16, .wp-block-kadence-advancedheading.kt-adv-heading1142_90d61e-16[data-kb-block=\"kb-adv-heading1142_90d61e-16\"]{font-size:40px;}}<\/style>\n<h1 class=\"kt-adv-heading1142_90d61e-16 wp-block-kadence-advancedheading\" data-kb-block=\"kb-adv-heading1142_90d61e-16\">\u00cdrj nek\u00fcnk!<\/h1>\n<\/div><\/div>\n\n\n<style>.kadence-column1142_5e7380-b8 > .kt-inside-inner-col,.kadence-column1142_5e7380-b8 > .kt-inside-inner-col:before{border-top-left-radius:0px;border-top-right-radius:0px;border-bottom-right-radius:0px;border-bottom-left-radius:0px;}.kadence-column1142_5e7380-b8 > .kt-inside-inner-col{column-gap:var(--global-kb-gap-sm, 1rem);}.kadence-column1142_5e7380-b8 > .kt-inside-inner-col{flex-direction:column;}.kadence-column1142_5e7380-b8 > .kt-inside-inner-col > .aligncenter{width:100%;}.kadence-column1142_5e7380-b8 > .kt-inside-inner-col:before{opacity:0.3;}.kadence-column1142_5e7380-b8{position:relative;}@media all and (max-width: 1024px){.kadence-column1142_5e7380-b8 > .kt-inside-inner-col{flex-direction:column;justify-content:center;}}@media all and (max-width: 767px){.kadence-column1142_5e7380-b8 > .kt-inside-inner-col{flex-direction:column;justify-content:center;}}<\/style>\n<div class=\"wp-block-kadence-column kadence-column1142_5e7380-b8 inner-column-2\"><div class=\"kt-inside-inner-col\"><\/div><\/div>\n\n<\/div><\/div>\n\n<style>.kb-row-layout-id1142_1a2b6c-79 > .kt-row-column-wrap{align-content:start;}:where(.kb-row-layout-id1142_1a2b6c-79 > .kt-row-column-wrap) > .wp-block-kadence-column{justify-content:start;}.kb-row-layout-id1142_1a2b6c-79 > .kt-row-column-wrap{column-gap:var(--global-kb-gap-md, 2rem);row-gap:var(--global-kb-gap-md, 2rem);max-width:var( --global-content-width, 1200px );padding-left:var(--global-content-edge-padding);padding-right:var(--global-content-edge-padding);padding-top:50px;padding-bottom:25px;grid-template-columns:repeat(2, minmax(0, 1fr));}.kb-row-layout-id1142_1a2b6c-79 > .kt-row-layout-overlay{opacity:0.30;}@media all and (max-width: 1024px){.kb-row-layout-id1142_1a2b6c-79 > .kt-row-column-wrap{grid-template-columns:minmax(0, 1fr);}}@media all and (max-width: 767px){.kb-row-layout-id1142_1a2b6c-79 > .kt-row-column-wrap{grid-template-columns:minmax(0, 1fr);}}<\/style><div class=\"kb-row-layout-wrap kb-row-layout-id1142_1a2b6c-79 alignnone wp-block-kadence-rowlayout\"><div class=\"kt-row-column-wrap kt-has-2-columns kt-row-layout-equal kt-tab-layout-row kt-mobile-layout-row kt-row-valign-top kb-theme-content-width\">\n<style>.kadence-column1142_b9b232-bf > .kt-inside-inner-col{padding-top:30px;}.kadence-column1142_b9b232-bf > .kt-inside-inner-col,.kadence-column1142_b9b232-bf > .kt-inside-inner-col:before{border-top-left-radius:0px;border-top-right-radius:0px;border-bottom-right-radius:0px;border-bottom-left-radius:0px;}.kadence-column1142_b9b232-bf > .kt-inside-inner-col{column-gap:var(--global-kb-gap-sm, 1rem);}.kadence-column1142_b9b232-bf > .kt-inside-inner-col{flex-direction:column;}.kadence-column1142_b9b232-bf > .kt-inside-inner-col > .aligncenter{width:100%;}.kadence-column1142_b9b232-bf > .kt-inside-inner-col:before{opacity:0.3;}.kadence-column1142_b9b232-bf{position:relative;}@media all and (max-width: 1024px){.kadence-column1142_b9b232-bf > .kt-inside-inner-col{padding-top:1px;flex-direction:column;justify-content:center;}}@media all and (max-width: 767px){.kadence-column1142_b9b232-bf > .kt-inside-inner-col{padding-top:1px;flex-direction:column;justify-content:center;}}<\/style>\n<div class=\"wp-block-kadence-column kadence-column1142_b9b232-bf inner-column-1\"><div class=\"kt-inside-inner-col\"><style>.wp-block-kadence-advancedheading.kt-adv-heading1142_2691c6-86, .wp-block-kadence-advancedheading.kt-adv-heading1142_2691c6-86[data-kb-block=\"kb-adv-heading1142_2691c6-86\"]{font-size:50px;font-weight:normal;font-style:normal;}.wp-block-kadence-advancedheading.kt-adv-heading1142_2691c6-86 mark.kt-highlight, .wp-block-kadence-advancedheading.kt-adv-heading1142_2691c6-86[data-kb-block=\"kb-adv-heading1142_2691c6-86\"] mark.kt-highlight{font-weight:normal;font-style:normal;color:#f76a0c;-webkit-box-decoration-break:clone;box-decoration-break:clone;padding-top:0px;padding-right:0px;padding-bottom:0px;padding-left:0px;}.wp-block-kadence-advancedheading.kt-adv-heading1142_2691c6-86 img.kb-inline-image, .wp-block-kadence-advancedheading.kt-adv-heading1142_2691c6-86[data-kb-block=\"kb-adv-heading1142_2691c6-86\"] img.kb-inline-image{width:150px;vertical-align:baseline;}@media all and (max-width: 1024px){.wp-block-kadence-advancedheading.kt-adv-heading1142_2691c6-86, .wp-block-kadence-advancedheading.kt-adv-heading1142_2691c6-86[data-kb-block=\"kb-adv-heading1142_2691c6-86\"]{font-size:40px;}}@media all and (max-width: 767px){.wp-block-kadence-advancedheading.kt-adv-heading1142_2691c6-86, .wp-block-kadence-advancedheading.kt-adv-heading1142_2691c6-86[data-kb-block=\"kb-adv-heading1142_2691c6-86\"]{font-size:30px;}}<\/style>\n<h2 class=\"kt-adv-heading1142_2691c6-86 wp-block-kadence-advancedheading\" data-kb-block=\"kb-adv-heading1142_2691c6-86\">Kapcsolat<\/h2>\n\n\n\n<p>Ha b\u00e1rmi probl\u00e9m\u00e1d van, \u00fcgyf\u00e9lszolg\u00e1lati munkat\u00e1rsaink a kapcsolat@bulijegy.hu e-mail c\u00edmen \u00e1llnak rendelkez\u00e9sedre!<\/p>\n\n\n\n<h2 class=\"wp-block-heading\">\u00dczemeltet\u0151<\/h2>\n\n\n\n<p><strong>OHBM Services Kft. <br><\/strong>Ad\u00f3sz\u00e1m: 27967227-2-42 <br>Sz\u00e9khely c\u00edm: 1077 Budapest, Rottenbiller utca 44. fszt. \u00dc-8.<\/p>\n<\/div><\/div>\n\n\n<style>.kadence-column1142_4b2a97-97 > .kt-inside-inner-col{padding-top:40px;padding-right:40px;padding-bottom:40px;padding-left:40px;}.kadence-column1142_4b2a97-97 > .kt-inside-inner-col,.kadence-column1142_4b2a97-97 > .kt-inside-inner-col:before{border-top-left-radius:3px;border-top-right-radius:3px;border-bottom-right-radius:3px;border-bottom-left-radius:3px;}.kadence-column1142_4b2a97-97 > .kt-inside-inner-col{column-gap:var(--global-kb-gap-sm, 1rem);}.kadence-column1142_4b2a97-97 > .kt-inside-inner-col{flex-direction:column;}.kadence-column1142_4b2a97-97 > .kt-inside-inner-col > .aligncenter{width:100%;}.kadence-column1142_4b2a97-97 > .kt-inside-inner-col{background-color:var(--global-palette7, #EDF2F7);}.kadence-column1142_4b2a97-97 > .kt-inside-inner-col:before{opacity:0.3;}.kadence-column1142_4b2a97-97{position:relative;}.kadence-column1142_4b2a97-97, .kt-inside-inner-col > .kadence-column1142_4b2a97-97:not(.specificity){margin-top:-200px;}@media all and (max-width: 1024px){.kadence-column1142_4b2a97-97 > .kt-inside-inner-col{flex-direction:column;justify-content:center;}}@media all and (max-width: 1024px){.kadence-column1142_4b2a97-97, .kt-inside-inner-col > .kadence-column1142_4b2a97-97:not(.specificity){margin-top:10px;}}@media all and (max-width: 767px){.kadence-column1142_4b2a97-97 > .kt-inside-inner-col{padding-top:30px;padding-right:30px;padding-bottom:30px;padding-left:30px;flex-direction:column;justify-content:center;}.kadence-column1142_4b2a97-97, .kt-inside-inner-col > .kadence-column1142_4b2a97-97:not(.specificity){margin-top:10px;}}<\/style>\n<div class=\"wp-block-kadence-column kadence-column1142_4b2a97-97\"><div class=\"kt-inside-inner-col\"><style>.wp-block-kadence-advancedheading.kt-adv-heading1142_18e382-26, .wp-block-kadence-advancedheading.kt-adv-heading1142_18e382-26[data-kb-block=\"kb-adv-heading1142_18e382-26\"]{font-size:40px;font-weight:normal;font-style:normal;}.wp-block-kadence-advancedheading.kt-adv-heading1142_18e382-26 mark.kt-highlight, .wp-block-kadence-advancedheading.kt-adv-heading1142_18e382-26[data-kb-block=\"kb-adv-heading1142_18e382-26\"] mark.kt-highlight{font-weight:normal;font-style:normal;color:#f76a0c;-webkit-box-decoration-break:clone;box-decoration-break:clone;padding-top:0px;padding-right:0px;padding-bottom:0px;padding-left:0px;}.wp-block-kadence-advancedheading.kt-adv-heading1142_18e382-26 img.kb-inline-image, .wp-block-kadence-advancedheading.kt-adv-heading1142_18e382-26[data-kb-block=\"kb-adv-heading1142_18e382-26\"] img.kb-inline-image{width:150px;vertical-align:baseline;}@media all and (max-width: 1024px){.wp-block-kadence-advancedheading.kt-adv-heading1142_18e382-26, .wp-block-kadence-advancedheading.kt-adv-heading1142_18e382-26[data-kb-block=\"kb-adv-heading1142_18e382-26\"]{font-size:30px;}}@media all and (max-width: 767px){.wp-block-kadence-advancedheading.kt-adv-heading1142_18e382-26, .wp-block-kadence-advancedheading.kt-adv-heading1142_18e382-26[data-kb-block=\"kb-adv-heading1142_18e382-26\"]{font-size:30px;}}<\/style>\n<h2 class=\"kt-adv-heading1142_18e382-26 wp-block-kadence-advancedheading\" data-kb-block=\"kb-adv-heading1142_18e382-26\">\u00dcgyf\u00e9lszolg\u00e1lat<\/h2>\n\n\n<style>.wp-block-kadence-advancedheading.kt-adv-heading1142_e200b3-9b, .wp-block-kadence-advancedheading.kt-adv-heading1142_e200b3-9b[data-kb-block=\"kb-adv-heading1142_e200b3-9b\"]{font-size:25px;font-weight:normal;font-style:normal;}.wp-block-kadence-advancedheading.kt-adv-heading1142_e200b3-9b mark.kt-highlight, .wp-block-kadence-advancedheading.kt-adv-heading1142_e200b3-9b[data-kb-block=\"kb-adv-heading1142_e200b3-9b\"] mark.kt-highlight{font-weight:normal;font-style:normal;color:#f76a0c;-webkit-box-decoration-break:clone;box-decoration-break:clone;padding-top:0px;padding-right:0px;padding-bottom:0px;padding-left:0px;}.wp-block-kadence-advancedheading.kt-adv-heading1142_e200b3-9b img.kb-inline-image, .wp-block-kadence-advancedheading.kt-adv-heading1142_e200b3-9b[data-kb-block=\"kb-adv-heading1142_e200b3-9b\"] img.kb-inline-image{width:150px;vertical-align:baseline;}@media all and (max-width: 1024px){.wp-block-kadence-advancedheading.kt-adv-heading1142_e200b3-9b, .wp-block-kadence-advancedheading.kt-adv-heading1142_e200b3-9b[data-kb-block=\"kb-adv-heading1142_e200b3-9b\"]{font-size:20px;}}@media all and (max-width: 767px){.wp-block-kadence-advancedheading.kt-adv-heading1142_e200b3-9b, .wp-block-kadence-advancedheading.kt-adv-heading1142_e200b3-9b[data-kb-block=\"kb-adv-heading1142_e200b3-9b\"]{font-size:20px;}}<\/style>\n<h3 class=\"kt-adv-heading1142_e200b3-9b wp-block-kadence-advancedheading\" data-kb-block=\"kb-adv-heading1142_e200b3-9b\">+36 30 296 0700<\/h3>\n\n\n\n<p>Telefonos \u00fcgyf\u00e9lszolg\u00e1latunk H-P 10:00-15:00 k\u00f6z\u00f6tt \u00e9rhet\u0151 el.<\/p>\n\n\n<style>.wp-block-kadence-advancedheading.kt-adv-heading1142_62a7d5-71, .wp-block-kadence-advancedheading.kt-adv-heading1142_62a7d5-71[data-kb-block=\"kb-adv-heading1142_62a7d5-71\"]{font-weight:normal;font-style:normal;}.wp-block-kadence-advancedheading.kt-adv-heading1142_62a7d5-71 mark.kt-highlight, .wp-block-kadence-advancedheading.kt-adv-heading1142_62a7d5-71[data-kb-block=\"kb-adv-heading1142_62a7d5-71\"] mark.kt-highlight{font-weight:normal;font-style:normal;color:#f76a0c;-webkit-box-decoration-break:clone;box-decoration-break:clone;padding-top:0px;padding-right:0px;padding-bottom:0px;padding-left:0px;}.wp-block-kadence-advancedheading.kt-adv-heading1142_62a7d5-71 img.kb-inline-image, .wp-block-kadence-advancedheading.kt-adv-heading1142_62a7d5-71[data-kb-block=\"kb-adv-heading1142_62a7d5-71\"] img.kb-inline-image{width:150px;vertical-align:baseline;}<\/style>\n<h4 class=\"kt-adv-heading1142_62a7d5-71 wp-block-kadence-advancedheading\" data-kb-block=\"kb-adv-heading1142_62a7d5-71\">Seg\u00edts\u00e9gre van sz\u00fcks\u00e9ged?<\/h4>\n\n\n\n<p>K\u00fcldj nek\u00fcnk e-mailt!<\/p>\n\n\n<style>.kadence-form-1142_4c344d-f3 .kb-form .kadence-blocks-form-field{margin-bottom:8px;}.kadence-form-1142_4c344d-f3 .kb-form .kadence-blocks-form-field .kb-text-style-field, .kadence-form-1142_4c344d-f3 .kb-form .kadence-blocks-form-field .kb-select-style-field{color:var(--global-palette3, #1A202C);background:var(--global-palette9, #ffffff);border-color:var(--global-palette8, #F7FAFC);}.kadence-form-1142_4c344d-f3 .kb-form .kadence-blocks-form-field .kb-forms-submit{color:#ffffff;background:var(--global-palette1, #3182CE);}.kadence-form-1142_4c344d-f3 .kb-form .kadence-blocks-form-field .kb-forms-submit:hover, .kadence-form-1142_4c344d-f3 .kb-form .kadence-blocks-form-field .kb-forms-submit:focus {color:#ffffff;background:var(--global-palette2, #2B6CB0);}.kb-form input.kadence-blocks-field.verify{opacity:0.0;position:absolute;top:0.0;left:0.0;width:0.0;height:0.0;z-index:-1;}<\/style>\n<div class=\"wp-block-kadence-form kadence-form-1142_4c344d-f3 kb-form-wrap kb-form-align-right\"><form class=\"kb-form\" action=\"\" method=\"post\"><div class=\"kadence-blocks-form-field kb-field-desk-width-100 kb-input-size-standard\"><input name=\"kb_field_0\" id=\"kb_field_1142_4c344d-f3_0\" data-label=\"Email\" type=\"email\" placeholder=\"E-mail c\u00edm\" value=\"\" data-type=\"email\" class=\"kb-field kb-text-style-field kb-email-field kb-field-0\" data-required=\"yes\"\/><\/div><div class=\"kadence-blocks-form-field kb-form-field-1 kb-field-desk-width-100 kb-input-size-standard\"><input name=\"kb_field_1\" id=\"kb_field_1142_4c344d-f3_1\" data-label=\"Subject\" type=\"text\" placeholder=\"T\u00e1rgy\" value=\"\" data-type=\"text\" class=\"kb-field kb-text-style-field kb-text-field kb-field-1\"\/><\/div><div class=\"kadence-blocks-form-field kb-form-field-2 kb-field-desk-width-100 kb-input-size-standard\"><textarea name=\"kb_field_2\" id=\"kb_field_1142_4c344d-f3_2\" data-label=\"Message\" type=\"textarea\" placeholder=\"\u00dczenet\" data-type=\"textarea\" class=\"kb-field kb-text-style-field kb-textarea-field kb-field-2\" rows=\"4\" data-required=\"yes\"><\/textarea><\/div><input type=\"hidden\" name=\"_kb_form_id\" value=\"1142_4c344d-f3\"\/><input type=\"hidden\" name=\"_kb_form_post_id\" value=\"1142\"\/><input type=\"hidden\" name=\"action\" value=\"kb_process_ajax_submit\"\/><label class=\"kadence-verify-label\">Email<input class=\"kadence-blocks-field verify\" type=\"text\" name=\"_kb_verify_email\" autocomplete=\"new-password\" aria-hidden=\"true\" placeholder=\"Email\" tabindex=\"-1\" data-1p-ignore=\"true\" data-lpignore=\"true\" \/><\/label><div class=\"kadence-blocks-form-field kb-submit-field kb-field-desk-width-100\"><button class=\"kb-forms-submit button kb-button-size-standard kb-button-width-auto\">K\u00fcld\u00e9s<\/button><\/div><\/form><\/div>\n<noscript><div class=\"kadence-blocks-form-message kadence-blocks-form-warning\">Please enable JavaScript in your browser to submit the form<\/div><style>.kadence-form-1142_4c344d-f3 .kadence-blocks-form-field.kb-submit-field { display: none; }<\/style><\/noscript><\/div><\/div>\n\n<\/div><\/div>","protected":false},"excerpt":{"rendered":"<p>Contact us! Contact If you have any problems, our customer service staff is at your disposal at kapcsolat@bulijegy.hu! Operator OHBM Services Kft. Tax number: 27967227-2-42 Address. \u00dc-8. Customer service +36 30 296 0700 Our telephone customer service is available Mon-Fri 10:00-15:00. Need help? Send us an email!<\/p>","protected":false},"author":1,"featured_media":1173,"parent":0,"menu_order":0,"comment_status":"closed","ping_status":"closed","template":"","meta":{"_kad_blocks_custom_css":"","_kad_blocks_head_custom_js":"","_kad_blocks_body_custom_js":"","_kad_blocks_footer_custom_js":"","_kadence_starter_templates_imported_post":true,"_kad_post_transparent":"","_kad_post_title":"hide","_kad_post_layout":"fullwidth","_kad_post_sidebar_id":"","_kad_post_content_style":"unboxed","_kad_post_vertical_padding":"hide","_kad_post_feature":"","_kad_post_feature_position":"","_kad_post_header":false,"_kad_post_footer":false,"footnotes":""},"class_list":["post-1142","page","type-page","status-publish","has-post-thumbnail","hentry"],"taxonomy_info":[],"featured_image_src_large":["https:\/\/bulijegy.hu\/wp-content\/uploads\/2021\/04\/Contact-844x1024.jpeg",844,1024,true],"author_info":{"display_name":"vezerlo","author_link":"https:\/\/bulijegy.hu\/en\/author\/vezerlo\/"},"comment_info":0,"_links":{"self":[{"href":"https:\/\/bulijegy.hu\/en\/wp-json\/wp\/v2\/pages\/1142","targetHints":{"allow":["GET"]}}],"collection":[{"href":"https:\/\/bulijegy.hu\/en\/wp-json\/wp\/v2\/pages"}],"about":[{"href":"https:\/\/bulijegy.hu\/en\/wp-json\/wp\/v2\/types\/page"}],"author":[{"embeddable":true,"href":"https:\/\/bulijegy.hu\/en\/wp-json\/wp\/v2\/users\/1"}],"replies":[{"embeddable":true,"href":"https:\/\/bulijegy.hu\/en\/wp-json\/wp\/v2\/comments?post=1142"}],"version-history":[{"count":0,"href":"https:\/\/bulijegy.hu\/en\/wp-json\/wp\/v2\/pages\/1142\/revisions"}],"wp:featuredmedia":[{"embeddable":true,"href":"https:\/\/bulijegy.hu\/en\/wp-json\/wp\/v2\/media\/1173"}],"wp:attachment":[{"href":"https:\/\/bulijegy.hu\/en\/wp-json\/wp\/v2\/media?parent=1142"}],"curies":[{"name":"wp","href":"https:\/\/api.w.org\/{rel}","templated":true}]}}